{"id":2669,"date":"2024-04-19T20:15:51","date_gmt":"2024-04-20T01:15:51","guid":{"rendered":"https:\/\/chezboaztours.com\/product\/visite-du-parc-de-cinto-beach-tayrona\/"},"modified":"2025-12-19T15:52:03","modified_gmt":"2025-12-19T20:52:03","slug":"visite-du-parc-de-cinto-beach-tayrona","status":"publish","type":"product","link":"https:\/\/chezboaztours.com\/fr\/tours\/visite-du-parc-de-cinto-beach-tayrona\/","title":{"rendered":"Visite du Parc de Cinto Beach Tayrona"},"content":{"rendered":"<h2 style=\"text-align: center;\"><strong><span style=\"color: #002e60;\">VISITE DE LA PLAGE DE CINTO ET DU PARC DE TAYRONA EN BATEAU \u00c0 MOTEUR<\/span><\/strong><\/h2>\n<p style=\"text-align: justify;\">Nous vous proposons une excursion exclusive en bateau vers la <strong> plage cach\u00e9e de Cinto Tayrona<\/strong>, une excursion loin des foules qui vous plonge dans la tranquillit\u00e9 de l&rsquo;une des plus belles plages de Colombie.<\/p>\n<p style=\"text-align: justify;\">Naviguez en haute mer \u00e0 la recherche de l<strong>a baie de Cinto, dans le parc de Tayrona,<\/strong> et d\u00e9couvrez un paradis cach\u00e9 aux eaux cristallines et au sable blanc. D\u00e9tendez-vous, nagez et explorez cette destination unique, entour\u00e9e d&rsquo;une nature intacte. R\u00e9servez d\u00e8s maintenant votre aventure en bateau et \u00e9vadez-vous dans la beaut\u00e9 naturelle de la baie de Cinto.<\/p>\n<p><img loading=\"lazy\" decoding=\"async\" class=\"alignnone wp-image-1585 size-full\" src=\"https:\/\/chezboaztours.com\/wp-content\/uploads\/2024\/05\/RUTA-PLAYA-CINTO.webp\" alt=\"VISITES DU PARC DE TAYRONA\" width=\"1920\" height=\"800\" srcset=\"https:\/\/chezboaztours.com\/wp-content\/uploads\/2024\/05\/RUTA-PLAYA-CINTO.webp 1920w, https:\/\/chezboaztours.com\/wp-content\/uploads\/2024\/05\/RUTA-PLAYA-CINTO-300x125.webp 300w, https:\/\/chezboaztours.com\/wp-content\/uploads\/2024\/05\/RUTA-PLAYA-CINTO-1024x427.webp 1024w, https:\/\/chezboaztours.com\/wp-content\/uploads\/2024\/05\/RUTA-PLAYA-CINTO-768x320.webp 768w, https:\/\/chezboaztours.com\/wp-content\/uploads\/2024\/05\/RUTA-PLAYA-CINTO-1536x640.webp 1536w, https:\/\/chezboaztours.com\/wp-content\/uploads\/2024\/05\/RUTA-PLAYA-CINTO-600x250.webp 600w\" sizes=\"auto, (max-width: 1920px) 100vw, 1920px\" \/><\/p>\n<table class=\"table table-bordered tours-tabs__table\" style=\"height: 233px; width: 103.759%;\" width=\"862\">\n<tbody>\n<tr>\n<td style=\"width: 25.9307%;\"><strong>LIEU DE D\u00c9PART<\/strong><\/td>\n<td style=\"width: 73.1391%;\">La baie de Santa Marta<\/td>\n<\/tr>\n<tr>\n<td style=\"width: 25.9307%;\"><strong>HEURE DE D\u00c9PART<\/strong><\/td>\n<td style=\"width: 73.1391%;\">A 9h30.<\/td>\n<\/tr>\n<tr>\n<td style=\"width: 25.9307%;\"><strong>D\u00c9LAI DE RETOUR<\/strong><\/td>\n<td style=\"width: 73.1391%;\">Vers 16h30.<\/td>\n<\/tr>\n<tr>\n<td style=\"width: 25.9307%;\"><strong>DUR\u00c9E DE LA VISITE<\/strong><\/td>\n<td style=\"width: 73.1391%;\">Journ\u00e9e enti\u00e8re<\/td>\n<\/tr>\n<tr>\n<td style=\"width: 25.9307%;\"><strong>VALEUR TOTALE<\/strong><\/td>\n<td style=\"width: 73.1391%;\">Le prix de l&rsquo;excursion en bateau \u00e0 Cinto est de $170.000 COP par personne.<\/td>\n<\/tr>\n<tr>\n<td style=\"width: 25.9307%;\"><strong>LA VISITE COMPREND<\/strong><\/td>\n<td style=\"width: 73.1391%;\">\n<table class=\"table table-bordered\" style=\"height: 62px; width: 73.7572%;\" width=\"300\">\n<tbody>\n<tr>\n<td style=\"width: 52.3121%;\"><i class=\"fa fa-check icon-tick icon-tick--on\"><\/i>Transport maritime aller-retour<\/td>\n<\/tr>\n<tr>\n<td style=\"width: 52.3121%;\"><i class=\"fa fa-check icon-tick icon-tick--on\"><\/i>Entr\u00e9e du parc Tayrona<\/td>\n<\/tr>\n<tr>\n<td style=\"width: 52.3121%;\"><i class=\"fa fa-check icon-tick icon-tick--on\"><\/i>Assurance voyage.<\/td>\n<\/tr>\n<\/tbody>\n<\/table>\n<\/td>\n<\/tr>\n<tr>\n<td style=\"width: 25.9307%;\"><strong>NON COMPRIS<\/strong><\/td>\n<td style=\"width: 73.1391%;\">\n<table class=\"table table-bordered\" style=\"height: 62px; width: 73.7572%;\" width=\"300\">\n<tbody>\n<tr>\n<td style=\"width: 52.3121%;\"><i class=\"fa fa-check icon-tick icon-tick--on\"><\/i>D\u00e9jeuner<\/td>\n<\/tr>\n<tr>\n<td style=\"width: 52.3121%;\"><i class=\"fa fa-check icon-tick icon-tick--on\"><\/i>Boissons<\/td>\n<\/tr>\n<tr>\n<td style=\"width: 52.3121%;\"><i class=\"fa fa-check icon-tick icon-tick--on\"><\/i>D\u00e9penses non sp\u00e9cifi\u00e9es dans le plan<\/td>\n<\/tr>\n<\/tbody>\n<\/table>\n<\/td>\n<\/tr>\n<tr>\n<td style=\"width: 25.9307%;\"><strong>IMPORTANT<\/strong><\/td>\n<td style=\"width: 73.1391%; text-align: justify;\"><i class=\"fa fa-check icon-tick icon-tick--on\"><\/i>Si vous souhaitez r\u00e9server cette excursion <strong>\u00e0 la baie de Cinto en bateau<\/strong>, vous devez verser un acompte\u00a0 par personne, ce qui correspond \u00e0 20 % de la valeur totale de l&rsquo;excursion, soit <strong>$170.000 COP<\/strong><br \/>\n<i class=\"fa fa-check icon-tick icon-tick--on\"><\/i>Veuillez noter que le transport vers <strong> la plage de Cinto Tayrona<\/strong> se fait par bateau.<br \/>\n<i class=\"fa fa-check icon-tick icon-tick--on\"><\/i>Cada turista es responsable de sus pertenencias, y <strong>Chez Boaz<\/strong> no se hace responsable de los objetos perdidos durante la visita.<\/td>\n<\/tr>\n<\/tbody>\n<\/table>\n","protected":false},"excerpt":{"rendered":"<p>Nous vous proposons une visite exclusive en bateau de la plage cach\u00e9e de Cinto, une excursion loin des foules.<\/p>\n","protected":false},"featured_media":2181,"comment_status":"open","ping_status":"closed","template":"","meta":{"_joinchat":[]},"product_brand":[],"product_cat":[90,72],"product_tag":[],"class_list":{"0":"post-2669","1":"product","2":"type-product","3":"status-publish","4":"has-post-thumbnail","6":"product_cat-lancement","7":"product_cat-non-classifiee","8":"tour_category-le-soleil-et-la-mer","10":"first","11":"instock","12":"shipping-taxable","13":"purchasable","14":"product-type-tour"},"_links":{"self":[{"href":"https:\/\/chezboaztours.com\/fr\/wp-json\/wp\/v2\/product\/2669","targetHints":{"allow":["GET"]}}],"collection":[{"href":"https:\/\/chezboaztours.com\/fr\/wp-json\/wp\/v2\/product"}],"about":[{"href":"https:\/\/chezboaztours.com\/fr\/wp-json\/wp\/v2\/types\/product"}],"replies":[{"embeddable":true,"href":"https:\/\/chezboaztours.com\/fr\/wp-json\/wp\/v2\/comments?post=2669"}],"wp:featuredmedia":[{"embeddable":true,"href":"https:\/\/chezboaztours.com\/fr\/wp-json\/wp\/v2\/media\/2181"}],"wp:attachment":[{"href":"https:\/\/chezboaztours.com\/fr\/wp-json\/wp\/v2\/media?parent=2669"}],"wp:term":[{"taxonomy":"product_brand","embeddable":true,"href":"https:\/\/chezboaztours.com\/fr\/wp-json\/wp\/v2\/product_brand?post=2669"},{"taxonomy":"product_cat","embeddable":true,"href":"https:\/\/chezboaztours.com\/fr\/wp-json\/wp\/v2\/product_cat?post=2669"},{"taxonomy":"product_tag","embeddable":true,"href":"https:\/\/chezboaztours.com\/fr\/wp-json\/wp\/v2\/product_tag?post=2669"}],"curies":[{"name":"wp","href":"https:\/\/api.w.org\/{rel}","templated":true}]}}