{"id":2668,"date":"2024-04-19T20:14:37","date_gmt":"2024-04-20T01:14:37","guid":{"rendered":"https:\/\/chezboaztours.com\/product\/visite-de-playa-cristal-santa-marta-en-bateau-a-moteur\/"},"modified":"2025-12-19T15:39:09","modified_gmt":"2025-12-19T20:39:09","slug":"visite-de-playa-cristal-santa-marta","status":"publish","type":"product","link":"https:\/\/chezboaztours.com\/fr\/tours\/visite-de-playa-cristal-santa-marta\/","title":{"rendered":"Visite de Playa Cristal Santa Marta en bateau \u00e0 moteur"},"content":{"rendered":"<h2 style=\"text-align: center;\"><strong><span style=\"color: #002e60;\">VISITE DE LA PLAGE DE SANTA MARTA CRISTAL EN BATEAU RAPIDE<\/span><\/strong><\/h2>\n<p style=\"text-align: justify;\"><strong>L&rsquo;excursion \u00e0 Playa Cristal, dans le parc Tayrona,<\/strong> est une aventure paradisiaque qui promet non seulement la d\u00e9tente sur l&rsquo;une des plus belles plages de Colombie, mais aussi une exp\u00e9rience maritime enrichissante avec la nature et la culture locale.<\/p>\n<p style=\"text-align: justify;\">Rejoignez-nous pour cette <strong>exp\u00e9rience en bateau \u00e0 Playa Cristal,<\/strong> un joyau cach\u00e9 dans le parc Tayrona. Laissez-vous s\u00e9duire par la beaut\u00e9 des sables dor\u00e9s et des eaux cristallines, o\u00f9 la nature se montre dans toute sa splendeur.<br \/>\nVenez d\u00e9couvrir pourquoi Playa Cristal \u00e0 Santa Marta est un tr\u00e9sor cach\u00e9 qui m\u00e9rite d&rsquo;\u00eatre explor\u00e9.<\/p>\n<p><img loading=\"lazy\" decoding=\"async\" class=\"aligncenter wp-image-1587 size-full\" src=\"https:\/\/chezboaztours.com\/wp-content\/uploads\/2024\/05\/RUTA-PLAYA-CRISTAL.webp\" alt=\"VISITES DU PARC DE TAYRONA\" width=\"1920\" height=\"800\" srcset=\"https:\/\/chezboaztours.com\/wp-content\/uploads\/2024\/05\/RUTA-PLAYA-CRISTAL.webp 1920w, https:\/\/chezboaztours.com\/wp-content\/uploads\/2024\/05\/RUTA-PLAYA-CRISTAL-300x125.webp 300w, https:\/\/chezboaztours.com\/wp-content\/uploads\/2024\/05\/RUTA-PLAYA-CRISTAL-1024x427.webp 1024w, https:\/\/chezboaztours.com\/wp-content\/uploads\/2024\/05\/RUTA-PLAYA-CRISTAL-768x320.webp 768w, https:\/\/chezboaztours.com\/wp-content\/uploads\/2024\/05\/RUTA-PLAYA-CRISTAL-1536x640.webp 1536w, https:\/\/chezboaztours.com\/wp-content\/uploads\/2024\/05\/RUTA-PLAYA-CRISTAL-600x250.webp 600w\" sizes=\"auto, (max-width: 1920px) 100vw, 1920px\" \/><\/p>\n<table class=\"table table-bordered tours-tabs__table\" style=\"height: 233px; width: 103.759%;\" width=\"862\">\n<tbody>\n<tr>\n<td style=\"width: 25.9307%;\"><strong>LIEU DE D\u00c9PART<\/strong><\/td>\n<td style=\"width: 73.1391%;\">La baie de Santa Marta<\/td>\n<\/tr>\n<tr>\n<td style=\"width: 25.9307%;\"><strong>HEURE DE D\u00c9PART<\/strong><\/td>\n<td style=\"width: 73.1391%;\">A 9h30.<\/td>\n<\/tr>\n<tr>\n<td style=\"width: 25.9307%;\"><strong>D\u00c9LAI DE RETOUR<\/strong><\/td>\n<td style=\"width: 73.1391%;\">Vers 16h30.<\/td>\n<\/tr>\n<tr>\n<td style=\"width: 25.9307%;\"><strong>DUR\u00c9E DE LA VISITE<\/strong><\/td>\n<td style=\"width: 73.1391%;\">Journ\u00e9e enti\u00e8re<\/td>\n<\/tr>\n<tr>\n<td style=\"width: 25.9307%;\"><strong>VALEUR TOTALE<\/strong><\/td>\n<td style=\"width: 73.1391%;\">Le prix de l&rsquo;excursion en bateau \u00e0 Playa Cristal est de 145 000 COP par personne.<\/td>\n<\/tr>\n<tr>\n<td style=\"width: 25.9307%;\"><strong>LA VISITE COMPREND<\/strong><\/td>\n<td style=\"width: 73.1391%;\">\n<table class=\"table table-bordered\" style=\"height: 62px; width: 73.7572%;\" width=\"300\">\n<tbody>\n<tr>\n<td style=\"width: 52.3121%;\"><i class=\"fa fa-check icon-tick icon-tick--on\"><\/i>Transport maritime aller-retour<\/td>\n<\/tr>\n<tr>\n<td style=\"width: 52.3121%;\"><i class=\"fa fa-check icon-tick icon-tick--on\"><\/i>Entr\u00e9e du parc Tayrona<\/td>\n<\/tr>\n<tr>\n<td style=\"width: 52.3121%;\"><i class=\"fa fa-check icon-tick icon-tick--on\"><\/i>Assurance voyage.<\/td>\n<\/tr>\n<\/tbody>\n<\/table>\n<\/td>\n<\/tr>\n<tr>\n<td style=\"width: 25.9307%;\"><strong>NON COMPRIS<\/strong><\/td>\n<td style=\"width: 73.1391%;\">\n<table class=\"table table-bordered\" style=\"height: 62px; width: 73.7572%;\" width=\"300\">\n<tbody>\n<tr>\n<td style=\"width: 52.3121%;\"><i class=\"fa fa-check icon-tick icon-tick--on\"><\/i>D\u00e9jeuner<\/td>\n<\/tr>\n<tr>\n<td style=\"width: 52.3121%;\"><i class=\"fa fa-check icon-tick icon-tick--on\"><\/i>Parcours aquatique dans la piscine naturelle<\/td>\n<\/tr>\n<tr>\n<td style=\"width: 52.3121%;\"><i class=\"fa fa-check icon-tick icon-tick--on\"><\/i>D\u00e9penses non sp\u00e9cifi\u00e9es dans le plan<\/td>\n<\/tr>\n<\/tbody>\n<\/table>\n<\/td>\n<\/tr>\n<tr>\n<td style=\"width: 25.9307%;\"><strong>IMPORTANT<\/strong><\/td>\n<td style=\"width: 73.1391%; text-align: justify;\"><i class=\"fa fa-check icon-tick icon-tick--on\"><\/i>Si vous souhaitez r\u00e9server cette <strong>excursion \u00e0 Playa Cristal,<\/strong> vous devez verser un acompte de <strong>$29.000 COP<\/strong>\u00a0par personne, ce qui correspond \u00e0 20 % de la valeur totale de l&rsquo;excursion, soit <strong>$145.000 COP<\/strong><br \/>\n<i class=\"fa fa-check icon-tick icon-tick--on\"><\/i>Veuillez noter que <strong>l&rsquo;excursion \u00e0 Playa Cristal <\/strong> est une aventure en bateau.<br \/>\n<i class=\"fa fa-check icon-tick icon-tick--on\"><\/i>Chaque touriste est responsable de ses propres affaires et <strong>Chez Boaz<\/strong> ne peut \u00eatre tenu responsable des objets perdus pendant la visite.<\/td>\n<\/tr>\n<\/tbody>\n<\/table>\n","protected":false},"excerpt":{"rendered":"<p>Rejoignez-nous pour cette exp\u00e9rience en bateau \u00e0 Playa Cristal, un joyau cach\u00e9 dans le parc de Tayrona.<\/p>\n","protected":false},"featured_media":2177,"comment_status":"open","ping_status":"closed","template":"","meta":{"_joinchat":[]},"product_brand":[],"product_cat":[90],"product_tag":[],"class_list":{"0":"post-2668","1":"product","2":"type-product","3":"status-publish","4":"has-post-thumbnail","6":"product_cat-lancement","7":"tour_category-le-soleil-et-la-mer","9":"first","10":"instock","11":"virtual","12":"purchasable","13":"product-type-tour"},"_links":{"self":[{"href":"https:\/\/chezboaztours.com\/fr\/wp-json\/wp\/v2\/product\/2668","targetHints":{"allow":["GET"]}}],"collection":[{"href":"https:\/\/chezboaztours.com\/fr\/wp-json\/wp\/v2\/product"}],"about":[{"href":"https:\/\/chezboaztours.com\/fr\/wp-json\/wp\/v2\/types\/product"}],"replies":[{"embeddable":true,"href":"https:\/\/chezboaztours.com\/fr\/wp-json\/wp\/v2\/comments?post=2668"}],"wp:featuredmedia":[{"embeddable":true,"href":"https:\/\/chezboaztours.com\/fr\/wp-json\/wp\/v2\/media\/2177"}],"wp:attachment":[{"href":"https:\/\/chezboaztours.com\/fr\/wp-json\/wp\/v2\/media?parent=2668"}],"wp:term":[{"taxonomy":"product_brand","embeddable":true,"href":"https:\/\/chezboaztours.com\/fr\/wp-json\/wp\/v2\/product_brand?post=2668"},{"taxonomy":"product_cat","embeddable":true,"href":"https:\/\/chezboaztours.com\/fr\/wp-json\/wp\/v2\/product_cat?post=2668"},{"taxonomy":"product_tag","embeddable":true,"href":"https:\/\/chezboaztours.com\/fr\/wp-json\/wp\/v2\/product_tag?post=2668"}],"curies":[{"name":"wp","href":"https:\/\/api.w.org\/{rel}","templated":true}]}}