{"id":2665,"date":"2015-07-15T12:01:46","date_gmt":"2015-07-15T12:01:46","guid":{"rendered":"https:\/\/chezboaztours.com\/product\/tour-de-cabo-san-juan-tayrona-en-bateau\/"},"modified":"2026-02-27T16:49:44","modified_gmt":"2026-02-27T21:49:44","slug":"tour-de-cabo-san-juan-tayrona","status":"publish","type":"product","link":"https:\/\/chezboaztours.com\/fr\/tours\/tour-de-cabo-san-juan-tayrona\/","title":{"rendered":"Tour de Cabo San Juan Tayrona en bateau"},"content":{"rendered":"<h2 style=\"text-align: center;\"><strong><span style=\"color: #002e60;\">TOUR CABO SAN JUAN TAYRONA EN BATEAU RAPIDE<\/span><\/strong><\/h2>\n<p style=\"text-align: justify;\">Pr\u00e9parez-vous \u00e0 une travers\u00e9e maritime inoubliable avec notre excursion en bateau \u00e0 Cabo San Juan, au c\u0153ur du parc national de Tayrona, une exp\u00e9rience pleine d&rsquo;adr\u00e9naline qui vous fera d\u00e9couvrir l&rsquo;une des plus belles plages de Santa Marta.<\/p>\n<p style=\"text-align: justify;\">Voyagez vers Cabo San Juan del Guia avec notre excursion en bateau depuis la baie de Santa Marta. \u00c9vitez les quatre heures de marche et profitez d&rsquo;un acc\u00e8s rapide et direct \u00e0 la meilleure plage du parc Tayrona.<\/p>\n<p style=\"text-align: justify;\">Naviguez sur des bateaux s\u00fbrs et confortables, admirez les paysages des Cara\u00efbes avec leurs montagnes majestueuses et d\u00e9tendez-vous, tout en vivant cette exp\u00e9rience qui vous m\u00e8nera directement aux eaux cristallines et au sable blanc de Cabo San Juan.<\/p>\n<p><img loading=\"lazy\" decoding=\"async\" class=\"alignnone wp-image-1584 size-full\" src=\"https:\/\/chezboaztours.com\/wp-content\/uploads\/2024\/05\/RUTA-CABO-SAN-JUAN.webp\" alt=\"VISITES DU PARC DE TAYRONA\" width=\"1920\" height=\"800\" srcset=\"https:\/\/chezboaztours.com\/wp-content\/uploads\/2024\/05\/RUTA-CABO-SAN-JUAN.webp 1920w, https:\/\/chezboaztours.com\/wp-content\/uploads\/2024\/05\/RUTA-CABO-SAN-JUAN-300x125.webp 300w, https:\/\/chezboaztours.com\/wp-content\/uploads\/2024\/05\/RUTA-CABO-SAN-JUAN-1024x427.webp 1024w, https:\/\/chezboaztours.com\/wp-content\/uploads\/2024\/05\/RUTA-CABO-SAN-JUAN-768x320.webp 768w, https:\/\/chezboaztours.com\/wp-content\/uploads\/2024\/05\/RUTA-CABO-SAN-JUAN-1536x640.webp 1536w, https:\/\/chezboaztours.com\/wp-content\/uploads\/2024\/05\/RUTA-CABO-SAN-JUAN-600x250.webp 600w\" sizes=\"auto, (max-width: 1920px) 100vw, 1920px\" \/><\/p>\n<table class=\"table table-bordered tours-tabs__table\" style=\"height: 233px; width: 103.759%;\" width=\"862\">\n<tbody>\n<tr>\n<td style=\"width: 25.9307%;\"><strong>LIEU DE D\u00c9PART<\/strong><\/td>\n<td style=\"width: 73.1391%;\">La marina de la baie de Santa Marta<\/td>\n<\/tr>\n<tr>\n<td style=\"width: 25.9307%;\"><strong>HEURE DE D\u00c9PART<\/strong><\/td>\n<td style=\"width: 73.1391%;\">A 9h30.<\/td>\n<\/tr>\n<tr>\n<td style=\"width: 25.9307%;\"><strong>D\u00c9LAI DE RETOUR<\/strong><\/td>\n<td style=\"width: 73.1391%;\">Vers 16h30.<\/td>\n<\/tr>\n<tr>\n<td style=\"width: 25.9307%;\"><strong>DUR\u00c9E DE LA VISITE<\/strong><\/td>\n<td style=\"width: 73.1391%;\">Journ\u00e9e enti\u00e8re<\/td>\n<\/tr>\n<tr>\n<td style=\"width: 25.9307%;\"><strong>VALEUR TOTALE<\/strong><\/td>\n<td style=\"width: 73.1391%;\">Le prix de l&rsquo;excursion en bateau \u00e0 Cabo San Juan est de $46 USD par personne.<\/td>\n<\/tr>\n<tr>\n<td style=\"width: 25.9307%;\"><strong>LA VISITE COMPREND<\/strong><\/td>\n<td style=\"width: 73.1391%;\">\n<table class=\"table table-bordered\" style=\"height: 62px; width: 73.7572%;\" width=\"300\">\n<tbody>\n<tr>\n<td style=\"width: 52.3121%;\"><i class=\"fa fa-check icon-tick icon-tick--on\"><\/i>Transport maritime aller-retour<\/td>\n<\/tr>\n<tr>\n<td style=\"width: 52.3121%;\"><i class=\"fa fa-check icon-tick icon-tick--on\"><\/i>Entr\u00e9e du parc Tayrona<\/td>\n<\/tr>\n<tr>\n<td style=\"width: 52.3121%;\"><i class=\"fa fa-check icon-tick icon-tick--on\"><\/i>Assurance voyage.<\/td>\n<\/tr>\n<\/tbody>\n<\/table>\n<\/td>\n<\/tr>\n<tr>\n<td style=\"width: 25.9307%;\"><strong>NON COMPRIS<\/strong><\/td>\n<td style=\"width: 73.1391%;\">\n<table class=\"table table-bordered\" style=\"height: 62px; width: 73.7572%;\" width=\"300\">\n<tbody>\n<tr>\n<td style=\"width: 52.3121%;\"><i class=\"fa fa-check icon-tick icon-tick--on\"><\/i>D\u00e9jeuner<\/td>\n<\/tr>\n<tr>\n<td style=\"width: 52.3121%;\"><i class=\"fa fa-check icon-tick icon-tick--on\"><\/i>Boissons<\/td>\n<\/tr>\n<tr>\n<td style=\"width: 52.3121%;\"><i class=\"fa fa-check icon-tick icon-tick--on\"><\/i>D\u00e9penses non sp\u00e9cifi\u00e9es dans le plan<\/td>\n<\/tr>\n<\/tbody>\n<\/table>\n<\/td>\n<\/tr>\n<tr>\n<td style=\"width: 25.9307%;\"><strong>IMPORTANT<\/strong><\/td>\n<td style=\"width: 73.1391%; text-align: justify;\"><i class=\"fa fa-check icon-tick icon-tick--on\"><\/i>Si vous souhaitez r\u00e9server cette <strong>excursion en bateau \u00e0 Cabo San Juan<\/strong>, vous devez verser un acompte de <strong>$9 USD<\/strong> par personne, ce qui correspond \u00e0 20 % de la valeur totale de l&rsquo;excursion, soit <strong>$46 USD<\/strong>.<br \/>\n<i class=\"fa fa-check icon-tick icon-tick--on\"><\/i>N&rsquo;oubliez pas que le trajet en <strong>bateau jusqu&rsquo;\u00e0 Cabo San Juan<\/strong> est une aventure maritime pleine d&rsquo;adr\u00e9naline.<br \/>\n<i class=\"fa fa-check icon-tick icon-tick--on\"><\/i>Chaque touriste est responsable de ses propres affaires, <strong>Chez Boaz<\/strong> n&rsquo;est pas responsable des objets perdus pendant la visite.<\/td>\n<\/tr>\n<\/tbody>\n<\/table>\n","protected":false},"excerpt":{"rendered":"<p>Pr\u00e9parez-vous \u00e0 une travers\u00e9e maritime inoubliable avec cette excursion en bateau \u00e0 Cabo San Juan dans le parc Tayrona.<\/p>\n","protected":false},"featured_media":2183,"comment_status":"open","ping_status":"closed","template":"","meta":{"_joinchat":[]},"product_brand":[],"product_cat":[90,72],"product_tag":[],"class_list":{"0":"post-2665","1":"product","2":"type-product","3":"status-publish","4":"has-post-thumbnail","6":"product_cat-lancement","7":"product_cat-non-classifiee","8":"tour_category-le-soleil-et-la-mer","10":"first","11":"instock","12":"virtual","13":"purchasable","14":"product-type-tour"},"_links":{"self":[{"href":"https:\/\/chezboaztours.com\/fr\/wp-json\/wp\/v2\/product\/2665","targetHints":{"allow":["GET"]}}],"collection":[{"href":"https:\/\/chezboaztours.com\/fr\/wp-json\/wp\/v2\/product"}],"about":[{"href":"https:\/\/chezboaztours.com\/fr\/wp-json\/wp\/v2\/types\/product"}],"replies":[{"embeddable":true,"href":"https:\/\/chezboaztours.com\/fr\/wp-json\/wp\/v2\/comments?post=2665"}],"wp:featuredmedia":[{"embeddable":true,"href":"https:\/\/chezboaztours.com\/fr\/wp-json\/wp\/v2\/media\/2183"}],"wp:attachment":[{"href":"https:\/\/chezboaztours.com\/fr\/wp-json\/wp\/v2\/media?parent=2665"}],"wp:term":[{"taxonomy":"product_brand","embeddable":true,"href":"https:\/\/chezboaztours.com\/fr\/wp-json\/wp\/v2\/product_brand?post=2665"},{"taxonomy":"product_cat","embeddable":true,"href":"https:\/\/chezboaztours.com\/fr\/wp-json\/wp\/v2\/product_cat?post=2665"},{"taxonomy":"product_tag","embeddable":true,"href":"https:\/\/chezboaztours.com\/fr\/wp-json\/wp\/v2\/product_tag?post=2665"}],"curies":[{"name":"wp","href":"https:\/\/api.w.org\/{rel}","templated":true}]}}