{"id":2631,"date":"2024-04-19T20:16:31","date_gmt":"2024-04-20T01:16:31","guid":{"rendered":"https:\/\/chezboaztours.com\/product\/excursion-en-bateau-dans-le-parc-tayrona\/"},"modified":"2026-04-02T00:09:49","modified_gmt":"2026-04-02T05:09:49","slug":"excursion-en-bateau-santa-marta","status":"publish","type":"product","link":"https:\/\/chezboaztours.com\/fr\/tours\/excursion-en-bateau-santa-marta\/","title":{"rendered":"Excursion en bateau dans le Parc Tayrona"},"content":{"rendered":"<h2 style=\"text-align: center;\"><strong><span style=\"color: #002e60;\">VISITE EN BATEAU DE LA BAIE DE CINTO ET DE LA PLAGE DE CRISTAL<\/span><\/strong><\/h2>\n<p style=\"text-align: justify;\">Cette <strong>excursion en bateau au d\u00e9part de Santa Marta<\/strong> vous permettra d&rsquo;explorer <strong>deux des meilleures plages du parc national de Tayrona<\/strong>, o\u00f9 vous d\u00e9couvrirez le charme tropical de Playa Cristal et la tranquillit\u00e9 de Cinto Bay.<\/p>\n<p style=\"text-align: justify;\"><i class=\"fa fa-check icon-tick icon-tick--on\"><\/i><strong>Playa Cristal :<\/strong> elle vous s\u00e9duira par son sable blanc et ses eaux cristallines, parfaites pour la plong\u00e9e avec masque et tuba et la d\u00e9tente au soleil ; cette plage est tr\u00e8s touristique et propose \u00e0 ses visiteurs une offre gastronomique vari\u00e9e.<\/p>\n<p style=\"text-align: justify;\"><i class=\"fa fa-check icon-tick icon-tick--on\"><\/i><strong>Cinto Bay :<\/strong> un joyau pr\u00e9serv\u00e9 et peu fr\u00e9quent\u00e9 qui offre un environnement serein et relaxant pour se d\u00e9tendre, cette plage est la moins visit\u00e9e de Tayrona.<\/p>\n<p style=\"text-align: justify;\">Pendant la visite, admirez la beaut\u00e9 de la route maritime depuis la baie de Santa Marta, en passant par les baies embl\u00e9matiques de Taganga, Concha Bay, Chengue et Neguanje. Le parc Tayrona, avec sa for\u00eat tropicale luxuriante et sa biodiversit\u00e9 marine, est l&rsquo;endroit id\u00e9al pour \u00e9chapper \u00e0 la routine, se rapprocher de la nature et profiter des <strong>meilleures plages de Colombie<\/strong>.<\/p>\n<p><img loading=\"lazy\" decoding=\"async\" class=\"alignnone wp-image-1585 size-full\" src=\"https:\/\/chezboaztours.com\/wp-content\/uploads\/2024\/05\/RUTA-PLAYA-CINTO-Y-CRISTAL.webp\" alt=\"VISITES DU PARC DE TAYRONA\" width=\"1920\" height=\"800\" \/><\/p>\n<table class=\"table table-bordered tours-tabs__table\" style=\"height: 233px; width: 103.759%;\" width=\"862\">\n<tbody>\n<tr>\n<td style=\"width: 25.9307%;\"><strong>LIEU DE D\u00c9PART<\/strong><\/td>\n<td style=\"width: 73.1391%;\">La baie de Santa Marta<\/td>\n<\/tr>\n<tr>\n<td style=\"width: 25.9307%;\"><strong>HEURE DE D\u00c9PART<\/strong><\/td>\n<td style=\"width: 73.1391%;\">A 9h30.<\/td>\n<\/tr>\n<tr>\n<td style=\"width: 25.9307%;\"><strong>D\u00c9LAI DE RETOUR<\/strong><\/td>\n<td style=\"width: 73.1391%;\">Vers 16h30.<\/td>\n<\/tr>\n<tr>\n<td style=\"width: 25.9307%;\"><strong>DUR\u00c9E DE LA VISITE<\/strong><\/td>\n<td style=\"width: 73.1391%;\">Journ\u00e9e enti\u00e8re<\/td>\n<\/tr>\n<tr>\n<td style=\"width: 25.9307%;\"><strong>VALEUR TOTALE<\/strong><\/td>\n<td style=\"width: 73.1391%;\">Le prix de l&rsquo;excursion dans le parc Tayrona est de $180.000 COP par personne.<\/td>\n<\/tr>\n<tr>\n<td style=\"width: 25.9307%;\"><strong>LA VISITE COMPREND<\/strong><\/td>\n<td style=\"width: 73.1391%;\">\n<table class=\"table table-bordered\" style=\"height: 62px; width: 73.7572%;\" width=\"300\">\n<tbody>\n<tr>\n<td style=\"width: 52.3121%;\"><i class=\"fa fa-check icon-tick icon-tick--on\"><\/i>Transport maritime aller-retour<\/td>\n<\/tr>\n<tr>\n<td style=\"width: 52.3121%;\"><i class=\"fa fa-check icon-tick icon-tick--on\"><\/i>Entr\u00e9e du parc Tayrona<\/td>\n<\/tr>\n<tr>\n<td style=\"width: 52.3121%;\"><i class=\"fa fa-check icon-tick icon-tick--on\"><\/i>Assurance voyage.<\/td>\n<\/tr>\n<\/tbody>\n<\/table>\n<\/td>\n<\/tr>\n<tr>\n<td style=\"width: 25.9307%;\"><strong>NON COMPRIS<\/strong><\/td>\n<td style=\"width: 73.1391%;\">\n<table class=\"table table-bordered\" style=\"height: 62px; width: 73.7572%;\" width=\"300\">\n<tbody>\n<tr>\n<td style=\"width: 52.3121%;\"><i class=\"fa fa-check icon-tick icon-tick--on\"><\/i>D\u00e9jeuner<\/td>\n<\/tr>\n<tr>\n<td style=\"width: 52.3121%;\"><i class=\"fa fa-check icon-tick icon-tick--on\"><\/i>Boissons<\/td>\n<\/tr>\n<tr>\n<td style=\"width: 52.3121%;\"><i class=\"fa fa-check icon-tick icon-tick--on\"><\/i>D\u00e9penses non sp\u00e9cifi\u00e9es dans le plan<\/td>\n<\/tr>\n<\/tbody>\n<\/table>\n<\/td>\n<\/tr>\n<tr>\n<td style=\"width: 25.9307%;\"><strong>IMPORTANT<\/strong><\/td>\n<td style=\"width: 73.1391%; text-align: justify;\"><i class=\"fa fa-check icon-tick icon-tick--on\"><\/i>Si vous souhaitez r\u00e9server cette excursion \u00e0 la baie de Cinto et \u00e0 Playa Cristal en bateau, vous devez verser un acompte par personne, ce qui correspond \u00e0 20 % de la valeur totale de l&rsquo;excursion , soit<strong> $180.000 COP<\/strong><br \/>\n<i class=\"fa fa-check icon-tick icon-tick--on\"><\/i>Veuillez noter que le transport vers le <strong>parc Tayrona<\/strong> se fait par bateau.<br \/>\n<i class=\"fa fa-check icon-tick icon-tick--on\"><\/i>Chaque touriste est responsable de ses propres affaires, <strong>Chez Boaz<\/strong> n&rsquo;est pas responsable des objets perdus pendant la visite.<\/td>\n<\/tr>\n<\/tbody>\n<\/table>\n","protected":false},"excerpt":{"rendered":"<p>Faites cette excursion passionnante en bateau depuis Santa Marta et explorez deux des meilleures plages de Tayrona.<\/p>\n","protected":false},"featured_media":2591,"comment_status":"open","ping_status":"closed","template":"","meta":{"_joinchat":[]},"product_brand":[],"product_cat":[90,72],"product_tag":[],"class_list":{"0":"post-2631","1":"product","2":"type-product","3":"status-publish","4":"has-post-thumbnail","6":"product_cat-lancement","7":"product_cat-non-classifiee","8":"tour_category-le-soleil-et-la-mer","10":"first","11":"instock","12":"shipping-taxable","13":"purchasable","14":"product-type-tour"},"_links":{"self":[{"href":"https:\/\/chezboaztours.com\/fr\/wp-json\/wp\/v2\/product\/2631","targetHints":{"allow":["GET"]}}],"collection":[{"href":"https:\/\/chezboaztours.com\/fr\/wp-json\/wp\/v2\/product"}],"about":[{"href":"https:\/\/chezboaztours.com\/fr\/wp-json\/wp\/v2\/types\/product"}],"replies":[{"embeddable":true,"href":"https:\/\/chezboaztours.com\/fr\/wp-json\/wp\/v2\/comments?post=2631"}],"wp:featuredmedia":[{"embeddable":true,"href":"https:\/\/chezboaztours.com\/fr\/wp-json\/wp\/v2\/media\/2591"}],"wp:attachment":[{"href":"https:\/\/chezboaztours.com\/fr\/wp-json\/wp\/v2\/media?parent=2631"}],"wp:term":[{"taxonomy":"product_brand","embeddable":true,"href":"https:\/\/chezboaztours.com\/fr\/wp-json\/wp\/v2\/product_brand?post=2631"},{"taxonomy":"product_cat","embeddable":true,"href":"https:\/\/chezboaztours.com\/fr\/wp-json\/wp\/v2\/product_cat?post=2631"},{"taxonomy":"product_tag","embeddable":true,"href":"https:\/\/chezboaztours.com\/fr\/wp-json\/wp\/v2\/product_tag?post=2631"}],"curies":[{"name":"wp","href":"https:\/\/api.w.org\/{rel}","templated":true}]}}