{"id":2774,"date":"2024-05-03T22:00:58","date_gmt":"2024-05-04T03:00:58","guid":{"rendered":"https:\/\/chezboaztours.com\/cookies\/"},"modified":"2024-06-05T09:56:22","modified_gmt":"2024-06-05T14:56:22","slug":"cookies","status":"publish","type":"page","link":"https:\/\/chezboaztours.com\/fr\/cookies\/","title":{"rendered":"Cookies"},"content":{"rendered":"\n<h2 class=\"wp-block-heading\"><\/h2>\n\n<h2 class=\"wp-block-heading\">Politique en mati\u00e8re de cookies<\/h2>\n\n<p>Actualizado el 2024-05-03<\/p>\n\n<p><strong>D\u00e9finitions et termes cl\u00e9s<\/strong><\/p>\n\n<p>Afin d&rsquo;expliquer les choses aussi clairement que possible dans la pr\u00e9sente politique en mati\u00e8re de cookies, chaque fois que l&rsquo;un de ces termes est mentionn\u00e9, il est strictement d\u00e9fini comme suit :<\/p>\n\n<p><strong> Cookie : <\/strong> petite quantit\u00e9 de donn\u00e9es g\u00e9n\u00e9r\u00e9es par un site web et stock\u00e9es par votre navigateur web. Utilis\u00e9s pour identifier votre navigateur, fournir des analyses, m\u00e9moriser des informations vous concernant, telles que vos pr\u00e9f\u00e9rences linguistiques ou vos informations de connexion.<\/p>\n\n<p>Soci\u00e9t\u00e9 : lorsque cette politique mentionne \u00ab Soci\u00e9t\u00e9 \u00bb, \u00ab nous \u00bb, \u00ab notre \u00bb ou \u00ab nos \u00bb, elle fait r\u00e9f\u00e9rence \u00e0 chez boaz tours qui est responsable de vos informations dans le cadre de cette politique en mati\u00e8re de cookies.<\/p>\n\n<p><strong> Plateforme <\/strong> : site Internet, application web ou application num\u00e9rique publique de chez boaz tours.<\/p>\n\n<p><strong> Appareil<\/strong> : tout appareil connect\u00e9 \u00e0 Internet, tel qu&rsquo;un t\u00e9l\u00e9phone, une tablette, un ordinateur ou tout autre appareil pouvant \u00eatre utilis\u00e9 pour visiter chez boaz tours et utiliser les services.<\/p>\n\n<p><strong> Donn\u00e9es \u00e0 caract\u00e8re personnel<\/strong> : toute information qui, directement, indirectement ou en relation avec d&rsquo;autres informations, y compris un num\u00e9ro d&rsquo;identification personnel, permet d&rsquo;identifier une personne physique.<\/p>\n\n<p><strong> Service <\/strong> : se r\u00e9f\u00e8re au service fourni par chez boaz tours tel que d\u00e9crit dans les conditions relatives (si disponibles) et sur cette plateforme.<\/p>\n\n<p><strong>Tiers <\/strong> : annonceurs, sponsors de concours, partenaires promotionnels et marketing, et autres personnes qui fournissent notre contenu ou dont les produits ou services sont susceptibles de vous int\u00e9resser.<\/p>\n\n<p><strong> Site web <\/strong> : le site web de chez boaz tours qui peut \u00eatre consult\u00e9 \u00e0 l&rsquo;adresse suivante : chezboaztours.com<\/p>\n\n<p><strong> Vous <\/strong> : une personne ou une entit\u00e9 qui est enregistr\u00e9e aupr\u00e8s de chez boaz tours pour utiliser les Services.<\/p>\n\n<p><strong>Introduction<\/strong><\/p>\n\n<p>Cette politique de cookies explique comment chez boaz tours et ses affili\u00e9s (collectivement \u00ab chez boaz tours \u00bb, \u00ab nous \u00bb, \u00ab notre \u00bb et \u00ab nos \u00bb), utilisent des cookies et des technologies similaires pour vous reconna\u00eetre lorsque vous visitez notre plateforme, y compris, mais sans s&rsquo;y limiter, chez boaz tours et toutes les URL associ\u00e9es, les versions mobiles ou localis\u00e9es et les domaines\/sous-domaines associ\u00e9s (sites web). Elle explique ce que sont ces technologies et pourquoi nous les utilisons, ainsi que vos choix sur la fa\u00e7on de les contr\u00f4ler.<\/p>\n\n<p><strong>\u00a2 Qu&rsquo;est-ce qu&rsquo;un cookie ?<\/strong><\/p>\n\n<p>Un cookie est un petit fichier texte stock\u00e9 sur votre ordinateur ou autre appareil connect\u00e9 \u00e0 Internet pour identifier votre navigateur, fournir des analyses, m\u00e9moriser des informations vous concernant, telles que vos pr\u00e9f\u00e9rences linguistiques ou vos informations de connexion. Ils sont totalement s\u00e9curis\u00e9s et ne peuvent pas \u00eatre utilis\u00e9s pour ex\u00e9cuter des programmes ou transmettre des virus \u00e0 votre appareil.<\/p>\n\n<p><strong>\u00a2 Pourquoi utilisons-nous des cookies ?<\/strong><\/p>\n\n<p>Nous utilisons nos propres cookies et\/ou des cookies de tiers sur notre plateforme \u00e0 diverses fins, notamment :<\/p>\n\n<p>Faciliter le fonctionnement et la fonctionnalit\u00e9 de notre plateforme : Pour am\u00e9liorer votre exp\u00e9rience avec notre plateforme et rendre la navigation plus rapide et plus facile Pour nous permettre de cr\u00e9er une exp\u00e9rience utilisateur personnalis\u00e9e pour vous et de comprendre ce qui est (ou n&rsquo;est pas) int\u00e9ressant pour vous.<br \/>Analyser l&rsquo;utilisation de notre plateforme et la personnaliser au mieux ; Identifier les futurs prospects et personnaliser les interactions marketing et commerciales avec eux ; Faciliter l&rsquo;adaptation de la publicit\u00e9 en ligne \u00e0 leurs centres d&rsquo;int\u00e9r\u00eat.<\/p>\n\n<p><strong>\u00a2 Quel type de cookies est utilis\u00e9 par chez boaz tours ?<\/strong><\/p>\n\n<p>Les cookies peuvent \u00eatre des cookies de session ou des cookies persistants. Un cookie de session expire automatiquement lorsque vous fermez votre navigateur. Un cookie persistant restera en place jusqu&rsquo;\u00e0 ce que vous expiriez ou supprimiez vos cookies. Les dates d&rsquo;expiration sont fix\u00e9es dans les cookies eux-m\u00eames ; certains peuvent expirer apr\u00e8s quelques minutes, tandis que d&rsquo;autres peuvent expirer apr\u00e8s plusieurs d\u00e9fis. Les cookies plac\u00e9s par le site web que vous visitez sont appel\u00e9s \u00ab cookies de premi\u00e8re partie \u00bb.<\/p>\n\n<p>Les cookies strictement n\u00e9cessaires sont indispensables au fonctionnement de notre plateforme et ne peuvent \u00eatre d\u00e9sactiv\u00e9s sur nos syst\u00e8mes. Ils sont essentiels pour vous permettre de naviguer sur la plateforme et d&rsquo;utiliser ses fonctions. Si vous supprimez ou d\u00e9sactivez ces cookies, nous ne pouvons pas garantir que vous pourrez utiliser notre plateforme.<\/p>\n\n<p><strong>Nous utilisons les types de cookies suivants sur notre plateforme<\/strong><\/p>\n\n<p><strong>Biscuits essentiels<\/strong><\/p>\n\n<p>Nous utilisons des cookies essentiels au fonctionnement de notre plateforme. Ces cookies sont strictement n\u00e9cessaires pour permettre des fonctions de base telles que la s\u00e9curit\u00e9, la gestion du r\u00e9seau, vos pr\u00e9f\u00e9rences en mati\u00e8re de cookies et l&rsquo;accessibilit\u00e9. Sans eux, je ne pourrais pas utiliser les services de base. Vous pouvez les d\u00e9sactiver en modifiant les param\u00e8tres de votre navigateur, mais cela peut affecter le fonctionnement des sites web.<\/p>\n\n<p><strong>Cookies de marketing<\/strong><\/p>\n\n<p>Ces cookies de marketing bas\u00e9s sur le compte nous permettent d&rsquo;identifier les futurs prospects et de personnaliser les interactions commerciales et marketing avec eux.<\/p>\n\n<p><strong>Cookies d&rsquo;analyse et de personnalisation<\/strong><\/p>\n\n<p>Ces cookies collectent des informations qui nous aident \u00e0 comprendre comment notre plateforme est utilis\u00e9e ou quelle est l&rsquo;efficacit\u00e9 de nos campagnes de marketing, ou qui nous aident \u00e0 personnaliser notre plateforme pour vous.<\/p>\n\n<p>Ces cookies collectent des informations qui nous aident \u00e0 comprendre comment notre plateforme est utilis\u00e9e ou quelle est l&rsquo;efficacit\u00e9 de nos campagnes de marketing, ou qui nous aident \u00e0 personnaliser notre plateforme pour vous. Pour plus d&rsquo;informations sur la mani\u00e8re dont Google collecte et utilise ces donn\u00e9es, veuillez consulter le site suivant <\/p>\n\n<p>https:\/\/www.google.com\/policies\/privacy\/partners\/. Puede optar por no recibir todos los an\u00e1lisis<br \/>admitidos por Google en nuestros sitios web visitando: https:\/\/tools.google.com\/dlpage\/gaoptout<\/p>\n\n<p><strong>Cookies pour les m\u00e9dias sociaux<\/strong><\/p>\n\n<p>Ces cookies sont utilis\u00e9s lorsque vous partagez des informations \u00e0 l&rsquo;aide d&rsquo;un bouton de partage social ou d&rsquo;un bouton \u00ab J&rsquo;aime \u00bb sur notre site 0 lorsque vous liez votre compte ou interagissez avec notre contenu par l&rsquo;interm\u00e9diaire d&rsquo;un site web de r\u00e9seau social tel que Facebook, Twitter ou Google+. Le r\u00e9seau social indiquera qu&rsquo;il a proc\u00e9d\u00e9 \u00e0 cette op\u00e9ration. Ces cookies peuvent \u00e9galement inclure un certain code plac\u00e9 sur la plateforme pour aider \u00e0 suivre les conversions publicitaires, \u00e0 optimiser le site web et \u00e0 am\u00e9liorer la qualit\u00e9 de l&rsquo;information.<br \/>sur la base des donn\u00e9es collect\u00e9es, cr\u00e9er des audiences sp\u00e9cifiques pour les futures publicit\u00e9s et appliquer le remarketing aux utilisateurs qualifi\u00e9s qui ont d\u00e9j\u00e0 effectu\u00e9 certaines actions sur la plateforme.<\/p>\n\n<p>Cookies de tiers<\/p>\n\n<p>Certains cookies mis en place sur notre plateforme ne sont pas mis en place par Chez Boaz Tours. Les sites web peuvent s&rsquo;int\u00e9grer au contenu de tiers pour diffuser de la publicit\u00e9. Ces prestataires de services externes peuvent installer leurs propres cookies dans votre navigateur web. Des prestataires de services tiers contr\u00f4lent un grand nombre des cookies de performance et de fonctionnalit\u00e9, de publicit\u00e9, de marketing et d&rsquo;analyse d\u00e9crits ci-dessus. Nous ne contr\u00f4lons pas l&rsquo;utilisation de ces cookies de tiers, car seul le tiers qui les a install\u00e9s \u00e0 l&rsquo;origine peut y acc\u00e9der.<\/p>\n\n<p><strong>\u00a2 Comment puis-je g\u00e9rer les cookies ?<\/strong><\/p>\n\n<p>La plupart des navigateurs vous permettent de contr\u00f4ler les cookies par le biais de vos pr\u00e9f\u00e9rences \u00ab param\u00e8tres \u00bb. Toutefois, si vous limitez la capacit\u00e9 des sites web \u00e0 installer des cookies, cela peut nuire \u00e0 votre exp\u00e9rience utilisateur globale, car vous ne serez plus en mesure d&rsquo;installer des cookies.<br \/>estar\u00e9 personalizada para usted. Il peut \u00e9galement vous emp\u00eacher d&rsquo;enregistrer des param\u00e8tres personnalis\u00e9s tels que les informations de connexion.<\/p>\n\n<p><strong>Les fabricants de navigateurs fournissent des pages d&rsquo;aide relatives \u00e0 la gestion des cookies dans leurs produits.<\/strong><\/p>\n\n<p>Google Chrome<br \/>Internet Explorer<br \/>Mozilla Firefox<br \/>Safari (bureau)<br \/>Safari (mobile)<br \/>Navigateur Android<br \/>Opera<br \/>Opera Mobile<\/p>\n\n<p><\/p>\n\n<p><strong>Blocage et d\u00e9sactivation des cookies et des technologies<br \/><\/strong>Similars<\/p>\n\n<p>O\u00f9 que vous soyez, vous pouvez \u00e9galement configurer votre navigateur pour qu&rsquo;il bloque les cookies et les technologies similaires, mais cette action peut bloquer nos cookies essentiels, ce qui emp\u00eache notre site web de fonctionner correctement, et vous risquez de ne pas pouvoir utiliser toutes ses fonctionnalit\u00e9s et tous ses services dans leur int\u00e9gralit\u00e9. Vous devez \u00e9galement garder \u00e0 l&rsquo;esprit que vous pouvez \u00e9galement perdre des informations<br \/>sauvegard\u00e9s (par exemple, les d\u00e9tails de connexion sauvegard\u00e9s, les pr\u00e9f\u00e9rences du site) si vous bloquez les cookies dans votre navigateur. Les navigateurs offrent des contr\u00f4les diff\u00e9rents. La d\u00e9sactivation d&rsquo;un cookie ou d&rsquo;une cat\u00e9gorie de cookies ne supprime pas le cookie de votre navigateur, vous devez le faire vous-m\u00eame \u00e0 partir de votre navigateur, vous devez vous rendre dans les param\u00e8tres d&rsquo;aide de votre navigateur pour<br \/>pour plus d&rsquo;informations.<\/p>\n\n<p><strong>Modifications de notre politique en mati\u00e8re de cookies<\/strong><\/p>\n\n<p>Nous pouvons modifier notre service et nos politiques, et il se peut que nous devions apporter des modifications \u00e0 la pr\u00e9sente politique en mati\u00e8re de cookies afin de refl\u00e9ter correctement notre service et nos politiques. Sauf obligation l\u00e9gale contraire, nous vous informerons (par exemple, par l&rsquo;interm\u00e9diaire de notre service) des modifications apport\u00e9es \u00e0 la pr\u00e9sente politique en mati\u00e8re de cookies et vous donnerons la possibilit\u00e9 de les examiner avant qu&rsquo;elles n&rsquo;entrent en vigueur. Votre utilisation continue du service sera alors soumise \u00e0 la politique actualis\u00e9e en mati\u00e8re de cookies. Si vous ne souhaitez pas<br \/>accepter cette politique ou toute mise \u00e0 jour de la politique en mati\u00e8re de cookies, vous pouvez supprimer votre compte<\/p>\n\n<p><strong>Votre consentement<\/strong><\/p>\n\n<p>En utilisant notre plateforme, en cr\u00e9ant un compte ou en effectuant un achat, vous acceptez par la pr\u00e9sente notre politique en mati\u00e8re de cookies et en acceptez les conditions.<\/p>\n\n<p><strong>Contactez-nous \u00e0 l&rsquo;adresse suivante<\/strong><\/p>\n\n<p>N&rsquo;h\u00e9sitez pas \u00e0 nous contacter si vous avez des questions concernant notre politique en mati\u00e8re de cookies.<\/p>\n\n<p>Par courrier \u00e9lectronique : info@chezboaztours.com<\/p>\n\n<p>Par t\u00e9l\u00e9phone : +57 324 738 7957<\/p>\n\n<p>Par ce lien : chezboaztours.com<\/p>\n\n<p>Via cette adresse : calle 8 #3-51, Taganga, Santa Marta, Magdalena<\/p>\n","protected":false},"excerpt":{"rendered":"<p>Politique en mati\u00e8re de cookies Actualizado el 2024-05-03 D\u00e9finitions et termes cl\u00e9s Afin d&rsquo;expliquer les choses aussi clairement que possible dans la pr\u00e9sente politique en mati\u00e8re de cookies, chaque fois que l&rsquo;un de ces termes est mentionn\u00e9, il est strictement d\u00e9fini comme suit : Cookie : petite quantit\u00e9 de donn\u00e9es g\u00e9n\u00e9r\u00e9es par un site web<\/p>\n<div class=\"padding-top text-center\"><a href=\"https:\/\/chezboaztours.com\/fr\/cookies\/\" class=\"atbtn atbtn--medium atbtn--rounded atbtn--transparent\">Leer el Blog<i class=\"atbtn__icon atbtn__icon--right fa fa-long-arrow-right\"><\/i><\/a><\/div>\n","protected":false},"author":1,"featured_media":0,"parent":0,"menu_order":0,"comment_status":"closed","ping_status":"closed","template":"","meta":{"_joinchat":[],"footnotes":""},"class_list":["post-2774","page","type-page","status-publish","hentry"],"_links":{"self":[{"href":"https:\/\/chezboaztours.com\/fr\/wp-json\/wp\/v2\/pages\/2774","targetHints":{"allow":["GET"]}}],"collection":[{"href":"https:\/\/chezboaztours.com\/fr\/wp-json\/wp\/v2\/pages"}],"about":[{"href":"https:\/\/chezboaztours.com\/fr\/wp-json\/wp\/v2\/types\/page"}],"author":[{"embeddable":true,"href":"https:\/\/chezboaztours.com\/fr\/wp-json\/wp\/v2\/users\/1"}],"replies":[{"embeddable":true,"href":"https:\/\/chezboaztours.com\/fr\/wp-json\/wp\/v2\/comments?post=2774"}],"version-history":[{"count":1,"href":"https:\/\/chezboaztours.com\/fr\/wp-json\/wp\/v2\/pages\/2774\/revisions"}],"predecessor-version":[{"id":2775,"href":"https:\/\/chezboaztours.com\/fr\/wp-json\/wp\/v2\/pages\/2774\/revisions\/2775"}],"wp:attachment":[{"href":"https:\/\/chezboaztours.com\/fr\/wp-json\/wp\/v2\/media?parent=2774"}],"curies":[{"name":"wp","href":"https:\/\/api.w.org\/{rel}","templated":true}]}}