{"id":2770,"date":"2024-04-07T15:54:29","date_gmt":"2024-04-07T20:54:29","guid":{"rendered":"https:\/\/chezboaztours.com\/politique-de-confidentialite\/"},"modified":"2024-06-05T08:56:31","modified_gmt":"2024-06-05T13:56:31","slug":"politique-de-confidentialite","status":"publish","type":"page","link":"https:\/\/chezboaztours.com\/fr\/politique-de-confidentialite\/","title":{"rendered":"Politique de confidentialit\u00e9"},"content":{"rendered":"\n<h2 class=\"wp-block-heading\">Qui sommes nous<\/h2>\n\n<p>L&rsquo;adresse de notre site web est la suivante : https:\/\/chezboaztours.com.<\/p>\n\n<h2 class=\"wp-block-heading\">Commentaires<\/h2>\n\n<p>Lorsque les visiteurs laissent des commentaires sur le site, nous collectons les donn\u00e9es qui apparaissent dans le formulaire de commentaire, ainsi que l&rsquo;adresse IP du visiteur et la cha\u00eene de l&rsquo;agent utilisateur du navigateur pour faciliter la d\u00e9tection des spams.<\/p>\n\n<p>Le service Gravatar peut recevoir une cha\u00eene anonyme cr\u00e9\u00e9e \u00e0 partir de votre adresse \u00e9lectronique (\u00e9galement appel\u00e9e \u00ab hash \u00bb) pour savoir si vous l&rsquo;utilisez. La politique de confidentialit\u00e9 du service Gravatar est disponible ici : https:\/\/automattic.com\/privacy\/. Apr\u00e8s approbation de votre commentaire, votre photo de profil sera visible par le public dans le contexte de votre commentaire.<\/p>\n\n<p><\/p>\n\n<h2 class=\"wp-block-heading\">Media<\/h2>\n\n<p>Si vous t\u00e9l\u00e9chargez des images sur le site web, vous devez \u00e9viter de t\u00e9l\u00e9charger des images contenant des donn\u00e9es de localisation int\u00e9gr\u00e9es (EXIF GPS). Les visiteurs du site web peuvent t\u00e9l\u00e9charger et extraire n&rsquo;importe quelle donn\u00e9e de localisation \u00e0 partir des images du site web.<\/p>\n\n<h2 class=\"wp-block-heading\">Cookies<\/h2>\n\n<p>Si vous laissez un commentaire sur notre site, vous pouvez choisir d&rsquo;enregistrer votre nom, votre adresse \u00e9lectronique et votre site web dans des cookies. C&rsquo;est pour votre commodit\u00e9, afin que vous n&rsquo;ayez pas \u00e0 remplir \u00e0 nouveau vos coordonn\u00e9es lorsque vous laissez un autre commentaire. Ces biscuits se conservent pendant un an.<\/p>\n\n<p>Si vous visitez notre page de connexion, nous installerons un cookie temporaire pour d\u00e9terminer si votre navigateur accepte les cookies. Ce cookie ne contient pas de donn\u00e9es personnelles et est supprim\u00e9 lorsque vous fermez votre navigateur.<\/p>\n\n<p>Lorsque vous vous connectez, nous installons \u00e9galement un certain nombre de cookies pour stocker vos informations de connexion et les options d&rsquo;affichage \u00e0 l&rsquo;\u00e9cran. Les cookies de connexion ont une dur\u00e9e de vie de deux jours et les cookies d&rsquo;options d&rsquo;affichage ont une dur\u00e9e de vie d&rsquo;un an. Si vous s\u00e9lectionnez \u00ab Se souvenir de moi \u00bb, vos donn\u00e9es de connexion seront conserv\u00e9es pendant deux semaines. Si vous vous d\u00e9connectez de votre compte, vos cookies de connexion seront supprim\u00e9s.<\/p>\n\n<p>Si vous modifiez ou publiez un article, un cookie suppl\u00e9mentaire sera enregistr\u00e9 dans votre navigateur. Ce cookie ne contient pas de donn\u00e9es personnelles et indique simplement l&rsquo;identifiant de l&rsquo;article que vous venez de modifier. Expire apr\u00e8s 1 jour.<\/p>\n\n<h2 class=\"wp-block-heading\">Contenu int\u00e9gr\u00e9 d&rsquo;autres sites web<\/h2>\n\n<p>Les articles de ce site peuvent contenir du contenu int\u00e9gr\u00e9 (par exemple des vid\u00e9os, des images, des articles, etc.). Le contenu incorpor\u00e9 provenant d&rsquo;autres sites web se comporte exactement comme si le visiteur avait visit\u00e9 l&rsquo;autre site web.<\/p>\n\n<p>Ces sites web peuvent collecter des donn\u00e9es vous concernant, utiliser des cookies, int\u00e9grer un suivi suppl\u00e9mentaire de la part de tiers et surveiller votre interaction avec ce contenu int\u00e9gr\u00e9, y compris votre interaction avec le contenu int\u00e9gr\u00e9 si vous avez un compte et \u00eates connect\u00e9 \u00e0 ce site web.<\/p>\n\n<h2 class=\"wp-block-heading\">Avec qui nous partageons vos donn\u00e9es<\/h2>\n\n<p>Si vous demandez une r\u00e9initialisation de votre mot de passe, votre adresse IP sera incluse dans l&rsquo;e-mail de r\u00e9initialisation.<\/p>\n\n<p>Les donn\u00e9es stock\u00e9es ne sont pas communiqu\u00e9es \u00e0 des tiers et sont supprim\u00e9es sur demande.<\/p>\n\n<h2 class=\"wp-block-heading\">Dur\u00e9e de conservation des donn\u00e9es<\/h2>\n\n<p>Si vous laissez un commentaire, celui-ci et ses m\u00e9tadonn\u00e9es sont conserv\u00e9s ind\u00e9finiment. De cette mani\u00e8re, nous pouvons reconna\u00eetre et approuver automatiquement les commentaires suivants au lieu de les mettre dans une file d&rsquo;attente de mod\u00e9ration.<\/p>\n\n<p>Pour les utilisateurs qui s&rsquo;inscrivent sur notre site web (le cas \u00e9ch\u00e9ant), nous stockons \u00e9galement les informations personnelles qu&rsquo;ils fournissent dans leur profil d&rsquo;utilisateur. Tous les utilisateurs peuvent consulter, modifier ou supprimer leurs informations personnelles \u00e0 tout moment (sauf qu&rsquo;ils ne peuvent pas changer leur nom d&rsquo;utilisateur). Les administrateurs de sites web peuvent \u00e9galement consulter et modifier ces informations.<\/p>\n\n<h2 class=\"wp-block-heading\">Quels sont les droits dont vous disposez sur vos donn\u00e9es ?<\/h2>\n\n<p>Si vous avez un compte sur ce site ou si vous avez laiss\u00e9 des commentaires, vous pouvez nous demander de vous envoyer un fichier export\u00e9 des donn\u00e9es personnelles que nous d\u00e9tenons \u00e0 votre sujet, y compris toutes les donn\u00e9es personnelles que vous nous avez fournies. Vous pouvez \u00e9galement nous demander de supprimer toutes les donn\u00e9es personnelles que nous d\u00e9tenons \u00e0 votre sujet. Cela n&rsquo;inclut pas les donn\u00e9es que nous sommes oblig\u00e9s de conserver pour des raisons administratives, juridiques ou de s\u00e9curit\u00e9.<\/p>\n\n<h2 class=\"wp-block-heading\">O\u00f9 vos donn\u00e9es sont-elles envoy\u00e9es ?<\/h2>\n\n<p>Les commentaires des visiteurs peuvent \u00eatre contr\u00f4l\u00e9s par un service automatis\u00e9 de d\u00e9tection des spams.<\/p>\n","protected":false},"excerpt":{"rendered":"<p>Qui sommes nous L&rsquo;adresse de notre site web est la suivante : https:\/\/chezboaztours.com. Commentaires Lorsque les visiteurs laissent des commentaires sur le site, nous collectons les donn\u00e9es qui apparaissent dans le formulaire de commentaire, ainsi que l&rsquo;adresse IP du visiteur et la cha\u00eene de l&rsquo;agent utilisateur du navigateur pour faciliter la d\u00e9tection des spams. Le<\/p>\n<div class=\"padding-top text-center\"><a href=\"https:\/\/chezboaztours.com\/fr\/politique-de-confidentialite\/\" class=\"atbtn atbtn--medium atbtn--rounded atbtn--transparent\">Leer el Blog<i class=\"atbtn__icon atbtn__icon--right fa fa-long-arrow-right\"><\/i><\/a><\/div>\n","protected":false},"author":1,"featured_media":0,"parent":0,"menu_order":0,"comment_status":"closed","ping_status":"closed","template":"","meta":{"_joinchat":[],"footnotes":""},"class_list":["post-2770","page","type-page","status-publish","hentry"],"_links":{"self":[{"href":"https:\/\/chezboaztours.com\/fr\/wp-json\/wp\/v2\/pages\/2770","targetHints":{"allow":["GET"]}}],"collection":[{"href":"https:\/\/chezboaztours.com\/fr\/wp-json\/wp\/v2\/pages"}],"about":[{"href":"https:\/\/chezboaztours.com\/fr\/wp-json\/wp\/v2\/types\/page"}],"author":[{"embeddable":true,"href":"https:\/\/chezboaztours.com\/fr\/wp-json\/wp\/v2\/users\/1"}],"replies":[{"embeddable":true,"href":"https:\/\/chezboaztours.com\/fr\/wp-json\/wp\/v2\/comments?post=2770"}],"version-history":[{"count":1,"href":"https:\/\/chezboaztours.com\/fr\/wp-json\/wp\/v2\/pages\/2770\/revisions"}],"predecessor-version":[{"id":2771,"href":"https:\/\/chezboaztours.com\/fr\/wp-json\/wp\/v2\/pages\/2770\/revisions\/2771"}],"wp:attachment":[{"href":"https:\/\/chezboaztours.com\/fr\/wp-json\/wp\/v2\/media?parent=2770"}],"curies":[{"name":"wp","href":"https:\/\/api.w.org\/{rel}","templated":true}]}}