{"id":2707,"date":"2024-04-18T22:29:32","date_gmt":"2024-04-19T03:29:32","guid":{"rendered":"https:\/\/chezboaztours.com\/excursions-en-bateau-prive\/"},"modified":"2024-06-07T13:17:56","modified_gmt":"2024-06-07T18:17:56","slug":"excursions-en-bateau-prive","status":"publish","type":"page","link":"https:\/\/chezboaztours.com\/fr\/excursions-en-bateau-prive\/","title":{"rendered":"Excursions en bateau priv\u00e9"},"content":{"rendered":"<div class=\"wpb-content-wrapper\"><p>[vc_row full_width=\u00a0\u00bbstretch_row\u00a0\u00bb css=\u00a0\u00bb.vc_custom_1714354019979{margin-top: -40px !important;margin-bottom: -40px !important;background-image: url(https:\/\/chezboaztours.com\/wp-content\/uploads\/2024\/04\/DISENO-BANNER.jpg?id=1391) !important;background-position: 0 0 !important;background-repeat: repeat !important;}\u00a0\u00bb][vc_column][vc_empty_space][vc_row_inner][vc_column_inner width=\u00a0\u00bb1\/2&Prime;][vc_custom_heading text=\u00a0\u00bbSERVICE DE VISITES PRIV\u00c9ES\u00a0\u00bb font_container=\u00a0\u00bbtag:h2|text_align:left|color:%23000000&Prime; use_theme_fonts=\u00a0\u00bbyes\u00a0\u00bb css=\u00a0\u00bb\u00a0\u00bb][vc_separator color=\u00a0\u00bbcustom\u00a0\u00bb align=\u00a0\u00bbalign_left\u00a0\u00bb border_width=\u00a0\u00bb5&Prime; el_width=\u00a0\u00bb20&Prime; css=\u00a0\u00bb\u00a0\u00bb accent_color=\u00a0\u00bb#ca5b18&Prime;][vc_column_text]<\/p>\n<p style=\"text-align: JUSTIFY;\"><strong>CHEZ BOAZ TOURS<\/strong> propose non seulement des circuits standards, mais aussi des circuits priv\u00e9s exclusifs pour ceux qui souhaitent une exp\u00e9rience plus personnalis\u00e9e, adapt\u00e9e \u00e0 leurs besoins individuels. Gr\u00e2ce \u00e0 ce service haut de gamme, les clients ont la possibilit\u00e9 de concevoir leur propre itin\u00e9raire, de s\u00e9lectionner les activit\u00e9s qui les int\u00e9ressent le plus et de profiter de la compagnie d&rsquo;un guide touristique sp\u00e9cialement con\u00e7u pour eux et leur groupe.<\/p>\n<p style=\"text-align: JUSTIFY;\">Les circuits priv\u00e9s de <strong>CHEZ BOAZ TOURS<\/strong> sont id\u00e9aux pour les couples \u00e0 la recherche d&rsquo;une escapade romantique, les familles qui souhaitent passer une journ\u00e9e agr\u00e9able ensemble ou les groupes d&rsquo;amis qui veulent explorer la c\u00f4te carib\u00e9enne \u00e0 leur propre rythme. En outre, ces circuits offrent une plus grande flexibilit\u00e9 en termes d&rsquo;horaires et d&rsquo;arr\u00eats, ce qui permet aux clients de profiter au maximum de chaque instant de leur exp\u00e9rience.<\/p>\n<p style=\"text-align: JUSTIFY;\">Qu&rsquo;il s&rsquo;agisse de naviguer vers de magnifiques plages pr\u00e9serv\u00e9es, d&rsquo;explorer de pittoresques villages de p\u00eacheurs ou de plonger dans les eaux cristallines pour faire de la plong\u00e9e avec tuba, les circuits priv\u00e9s de <strong> CHEZ BOAZ TOURS<\/strong> offrent une exp\u00e9rience inoubliable et exclusive qui laissera des souvenirs imp\u00e9rissables. Gr\u00e2ce \u00e0 un service personnalis\u00e9 de haute qualit\u00e9 et \u00e0 l&rsquo;attention d\u00e9vou\u00e9e de leur personnel professionnel, les clients peuvent \u00eatre assur\u00e9s que leur aventure \u00e0 Santa Marta sera unique et vraiment sp\u00e9ciale.<\/p>\n<p>[\/vc_column_text][\/vc_column_inner][vc_column_inner width=\u00a0\u00bb1\/2&Prime;][vc_custom_heading text=\u00a0\u00bbCONTACTEZ-NOUS\u00a0\u00bb font_container=\u00a0\u00bbtag:h2|text_align:left|color:%23000000&Prime; use_theme_fonts=\u00a0\u00bbyes\u00a0\u00bb css=\u00a0\u00bb\u00a0\u00bb][vc_custom_heading text=\u00a0\u00bbN&apos;attendez plus pour faire l&apos;exp\u00e9rience d&apos;une visite priv\u00e9e avec Chez Boaz Tours !\u00a0\u00bb font_container=\u00a0\u00bbtag:h3|text_align:left|color:%23000000&Prime; use_theme_fonts=\u00a0\u00bbyes\u00a0\u00bb css=\u00a0\u00bb\u00a0\u00bb][vc_separator color=\u00a0\u00bbcustom\u00a0\u00bb align=\u00a0\u00bbalign_left\u00a0\u00bb border_width=\u00a0\u00bb5&Prime; el_width=\u00a0\u00bb20&Prime; css=\u00a0\u00bb\u00a0\u00bb accent_color=\u00a0\u00bb#002e60&Prime;]\n<div class=\"wpcf7 no-js\" id=\"wpcf7-f2739-o1\" lang=\"fr-FR\" dir=\"ltr\" data-wpcf7-id=\"2739\">\n<div class=\"screen-reader-response\"><p role=\"status\" aria-live=\"polite\" aria-atomic=\"true\"><\/p> <ul><\/ul><\/div>\n<form action=\"\/fr\/wp-json\/wp\/v2\/pages\/2707#wpcf7-f2739-o1\" method=\"post\" class=\"wpcf7-form init\" aria-label=\"Formulaire de contact\" novalidate=\"novalidate\" data-status=\"init\">\n<fieldset class=\"hidden-fields-container\"><input type=\"hidden\" name=\"_wpcf7\" value=\"2739\" \/><input type=\"hidden\" name=\"_wpcf7_version\" value=\"6.1.4\" \/><input type=\"hidden\" name=\"_wpcf7_locale\" value=\"fr_FR\" \/><input type=\"hidden\" name=\"_wpcf7_unit_tag\" value=\"wpcf7-f2739-o1\" \/><input type=\"hidden\" name=\"_wpcf7_container_post\" value=\"0\" \/><input type=\"hidden\" name=\"_wpcf7_posted_data_hash\" value=\"\" \/>\n<\/fieldset>\n<div class=\"form-contact\">\n\t<div class=\"form-contact__fields-short\">\n\t\t<div class=\"form-contact__item-short\">\n\t\t\t<p><span class=\"wpcf7-form-control-wrap\" data-name=\"your-number\"><input class=\"wpcf7-form-control wpcf7-number wpcf7-validates-as-required wpcf7-validates-as-number\" aria-required=\"true\" aria-invalid=\"false\" placeholder=\"T\u00e9l\u00e9phone\" value=\"\" type=\"number\" name=\"your-number\" \/><\/span>\n\t\t\t<\/p>\n\t\t<\/div>\n\t\t<div class=\"form-contact__item-short\">\n\t\t\t<p><span class=\"wpcf7-form-control-wrap\" data-name=\"your-name\"><input size=\"40\" maxlength=\"400\" class=\"wpcf7-form-control wpcf7-text wpcf7-validates-as-required\" aria-required=\"true\" aria-invalid=\"false\" placeholder=\"Nom\" value=\"\" type=\"text\" name=\"your-name\" \/><\/span>\n\t\t\t<\/p>\n\t\t<\/div>\n\t<\/div>\n\t<div class=\"form-contact__fields-short\">\n\t\t<p><span class=\"wpcf7-form-control-wrap\" data-name=\"your-email\"><input size=\"40\" maxlength=\"400\" class=\"wpcf7-form-control wpcf7-email wpcf7-validates-as-required wpcf7-text wpcf7-validates-as-email\" aria-required=\"true\" aria-invalid=\"false\" placeholder=\"Adresse \u00e9lectronique\" value=\"\" type=\"email\" name=\"your-email\" \/><\/span>\n\t\t<\/p>\n\t<\/div>\n\t<div class=\"form-contact__fields-short\">\n\t\t<p><span class=\"wpcf7-form-control-wrap\" data-name=\"your-asunto\"><input size=\"40\" maxlength=\"400\" class=\"wpcf7-form-control wpcf7-text wpcf7-validates-as-required\" aria-required=\"true\" aria-invalid=\"false\" placeholder=\"Sujet\" value=\"\" type=\"text\" name=\"your-asunto\" \/><\/span>\n\t\t<\/p>\n\t<\/div>\n\t<p><span class=\"wpcf7-form-control-wrap\" data-name=\"your-message\"><textarea cols=\"0\" rows=\"0\" maxlength=\"2000\" class=\"wpcf7-form-control wpcf7-textarea\" aria-invalid=\"false\" placeholder=\"Message\" name=\"your-message\"><\/textarea><\/span><br \/>\n<button type=\"submit\" class=\"button button--style1 button--with-icon\"><i class=\"fa fa-paper-plane\"><\/i>Envoyer un message<\/button>\n\t<\/p>\n<\/div><div class=\"wpcf7-response-output\" aria-hidden=\"true\"><\/div>\n<\/form>\n<\/div>\n[\/vc_column_inner][\/vc_row_inner][vc_row_inner][vc_column_inner][vc_empty_space][\/vc_column_inner][\/vc_row_inner][vc_empty_space][vc_empty_space][\/vc_column][\/vc_row]<\/p>\n<\/div>","protected":false},"excerpt":{"rendered":"<p>[vc_row full_width=\u00a0\u00bbstretch_row\u00a0\u00bb css=\u00a0\u00bb.vc_custom_1714354019979{margin-top: -40px !important;margin-bottom: -40px !important;background-image: url(https:\/\/chezboaztours.com\/wp-content\/uploads\/2024\/04\/DISENO-BANNER.jpg?id=1391) !important;background-position: 0 0 !important;background-repeat: repeat !important;}\u00a0\u00bb][vc_column][vc_empty_space][vc_row_inner][vc_column_inner width=\u00a0\u00bb1\/2&Prime;][vc_custom_heading text=\u00a0\u00bbSERVICE DE VISITES PRIV\u00c9ES\u00a0\u00bb font_container=\u00a0\u00bbtag:h2|text_align:left|color:%23000000&Prime; use_theme_fonts=\u00a0\u00bbyes\u00a0\u00bb css=\u00a0\u00bb\u00a0\u00bb][vc_separator color=\u00a0\u00bbcustom\u00a0\u00bb align=\u00a0\u00bbalign_left\u00a0\u00bb border_width=\u00a0\u00bb5&Prime; el_width=\u00a0\u00bb20&Prime; css=\u00a0\u00bb\u00a0\u00bb accent_color=\u00a0\u00bb#ca5b18&Prime;][vc_column_text] CHEZ BOAZ TOURS propose non seulement des circuits standards, mais aussi des circuits priv\u00e9s exclusifs pour ceux qui souhaitent une exp\u00e9rience plus personnalis\u00e9e, adapt\u00e9e \u00e0 leurs besoins<\/p>\n<div class=\"padding-top text-center\"><a href=\"https:\/\/chezboaztours.com\/fr\/excursions-en-bateau-prive\/\" class=\"atbtn atbtn--medium atbtn--rounded atbtn--transparent\">Leer el Blog<i class=\"atbtn__icon atbtn__icon--right fa fa-long-arrow-right\"><\/i><\/a><\/div>\n","protected":false},"author":2,"featured_media":0,"parent":0,"menu_order":0,"comment_status":"open","ping_status":"closed","template":"","meta":{"_joinchat":[],"footnotes":""},"class_list":["post-2707","page","type-page","status-publish","hentry"],"_links":{"self":[{"href":"https:\/\/chezboaztours.com\/fr\/wp-json\/wp\/v2\/pages\/2707","targetHints":{"allow":["GET"]}}],"collection":[{"href":"https:\/\/chezboaztours.com\/fr\/wp-json\/wp\/v2\/pages"}],"about":[{"href":"https:\/\/chezboaztours.com\/fr\/wp-json\/wp\/v2\/types\/page"}],"author":[{"embeddable":true,"href":"https:\/\/chezboaztours.com\/fr\/wp-json\/wp\/v2\/users\/2"}],"replies":[{"embeddable":true,"href":"https:\/\/chezboaztours.com\/fr\/wp-json\/wp\/v2\/comments?post=2707"}],"version-history":[{"count":4,"href":"https:\/\/chezboaztours.com\/fr\/wp-json\/wp\/v2\/pages\/2707\/revisions"}],"predecessor-version":[{"id":2851,"href":"https:\/\/chezboaztours.com\/fr\/wp-json\/wp\/v2\/pages\/2707\/revisions\/2851"}],"wp:attachment":[{"href":"https:\/\/chezboaztours.com\/fr\/wp-json\/wp\/v2\/media?parent=2707"}],"curies":[{"name":"wp","href":"https:\/\/api.w.org\/{rel}","templated":true}]}}