{"id":2704,"date":"2024-04-18T20:02:00","date_gmt":"2024-04-19T01:02:00","guid":{"rendered":"https:\/\/chezboaztours.com\/nos-bateaux\/"},"modified":"2024-06-07T13:11:34","modified_gmt":"2024-06-07T18:11:34","slug":"nos-bateaux","status":"publish","type":"page","link":"https:\/\/chezboaztours.com\/fr\/nos-bateaux\/","title":{"rendered":"Nos bateaux"},"content":{"rendered":"<div class=\"wpb-content-wrapper\"><p>[vc_row full_width=\u00a0\u00bbstretch_row\u00a0\u00bb css=\u00a0\u00bb.vc_custom_1714353119067{margin-top: -40px !important;margin-bottom: -40px !important;background-image: url(https:\/\/chezboaztours.com\/wp-content\/uploads\/2024\/04\/DISENO-BANNER.jpg?id=1391) !important;background-position: 0 0 !important;background-repeat: repeat !important;}\u00a0\u00bb][vc_column][vc_row_inner][vc_column_inner][vc_empty_space][vc_custom_heading text=\u00a0\u00bb4 NAVIRES DE MER PUISSANTS\u00a0\u00bb font_container=\u00a0\u00bbtag:h2|text_align:center|color:%23000000&Prime; use_theme_fonts=\u00a0\u00bbyes\u00a0\u00bb css=\u00a0\u00bb\u00a0\u00bb][vc_separator color=\u00a0\u00bbcustom\u00a0\u00bb border_width=\u00a0\u00bb5&Prime; el_width=\u00a0\u00bb20&Prime; css=\u00a0\u00bb\u00a0\u00bb accent_color=\u00a0\u00bb#ca5b18&Prime;][vc_column_text css=\u00a0\u00bb\u00a0\u00bb]<\/p>\n<p style=\"text-align: JUSTIFY;\"><span style=\"color: #000000;\">Chez Boaz Tours est un fleuron d&rsquo;excellence dans le monde des agences maritimes \u00e0 Santa Marta. Forte d&rsquo;une r\u00e9putation bien m\u00e9rit\u00e9e pour son engagement en mati\u00e8re de qualit\u00e9 et de s\u00e9curit\u00e9, cette entreprise offre une exp\u00e9rience in\u00e9gal\u00e9e \u00e0 ceux qui souhaitent s&rsquo;aventurer dans les mers cristallines de la r\u00e9gion.<\/span><\/p>\n<p style=\"text-align: JUSTIFY;\"><span style=\"color: #000000;\">Avec une flotte de bateaux soigneusement entretenus et \u00e9quip\u00e9s des derni\u00e8res technologies de navigation, Chez Boaz Tours garantit \u00e0 ses clients une exp\u00e9rience non seulement passionnante, mais aussi s\u00fbre et confortable. Des familles qui cherchent \u00e0 s&rsquo;amuser au soleil aux aventuriers solitaires en qu\u00eate de nouvelles sensations, Chez Boaz Tours a quelque chose \u00e0 offrir \u00e0 tout le monde.<\/span><\/p>\n<p>[\/vc_column_text][\/vc_column_inner][\/vc_row_inner][vc_empty_space][vc_row_inner][vc_column_inner width=\u00a0\u00bb1\/2&Prime;][vc_custom_heading text=\u00a0\u00bbLA MAMBA NEGRA\u00a0\u00bb font_container=\u00a0\u00bbtag:h2|text_align:left|color:%23000000&Prime; use_theme_fonts=\u00a0\u00bbyes\u00a0\u00bb css=\u00a0\u00bb\u00a0\u00bb][vc_separator color=\u00a0\u00bbcustom\u00a0\u00bb align=\u00a0\u00bbalign_left\u00a0\u00bb border_width=\u00a0\u00bb5&Prime; el_width=\u00a0\u00bb20&Prime; css=\u00a0\u00bb\u00a0\u00bb accent_color=\u00a0\u00bb#002e60&Prime;][vc_hoverbox image=\u00a0\u00bb2159&Prime; primary_title=\u00a0\u00bb\u00a0\u00bb hover_title=\u00a0\u00bbLA MAMBA NEGRA\u00a0\u00bb]D\u00e9couvrez la majest\u00e9 du Mamba Negra, un navire embl\u00e9matique qui navigue dans les eaux cristallines de Santa Marta, en Colombie. Avec son design \u00e9l\u00e9gant et sa pr\u00e9sence imposante, le Black Mamba est un symbole d&rsquo;aventure et de luxe dans les Cara\u00efbes colombiennes.[\/vc_hoverbox][\/vc_column_inner][vc_column_inner width=\u00a0\u00bb1\/2&Prime;][vc_custom_heading text=\u00a0\u00bbLA NAUTIQUE\u00a0\u00bb font_container=\u00a0\u00bbtag:h2|text_align:left|color:%23000000&Prime; use_theme_fonts=\u00a0\u00bbyes\u00a0\u00bb css=\u00a0\u00bb\u00a0\u00bb][vc_separator color=\u00a0\u00bbcustom\u00a0\u00bb align=\u00a0\u00bbalign_left\u00a0\u00bb border_width=\u00a0\u00bb5&Prime; el_width=\u00a0\u00bb20&Prime; css=\u00a0\u00bb\u00a0\u00bb accent_color=\u00a0\u00bb#002e60&Prime;][vc_hoverbox image=\u00a0\u00bb2161&Prime; primary_title=\u00a0\u00bb\u00a0\u00bb hover_title=\u00a0\u00bbLA NAUTIQUE\u00a0\u00bb]D\u00e9couvrez l&rsquo;aventure passionnante de la navigation dans les eaux cristallines de Santa Marta, en Colombie, \u00e0 bord du Nautico, un bateau de mer embl\u00e9matique. Avec son design sophistiqu\u00e9 et sa pr\u00e9sence saisissante, le Nautico repr\u00e9sente la fusion parfaite de l&rsquo;aventure et du confort dans les Cara\u00efbes colombiennes.[\/vc_hoverbox][\/vc_column_inner][\/vc_row_inner][vc_empty_space][vc_row_inner][vc_column_inner width=\u00a0\u00bb1\/2&Prime;][vc_custom_heading text=\u00a0\u00bbLE HIRAM\u00a0\u00bb font_container=\u00a0\u00bbtag:h2|text_align:left|color:%23000000&Prime; use_theme_fonts=\u00a0\u00bbyes\u00a0\u00bb css=\u00a0\u00bb\u00a0\u00bb][vc_separator color=\u00a0\u00bbcustom\u00a0\u00bb align=\u00a0\u00bbalign_left\u00a0\u00bb border_width=\u00a0\u00bb5&Prime; el_width=\u00a0\u00bb20&Prime; css=\u00a0\u00bb\u00a0\u00bb accent_color=\u00a0\u00bb#002e60&Prime;][vc_hoverbox image=\u00a0\u00bb2163&Prime; primary_title=\u00a0\u00bb\u00a0\u00bb hover_title=\u00a0\u00bbLE HIRAM\u00a0\u00bb]Faites un voyage passionnant \u00e0 bord de LA HIRAM, un bateau embl\u00e9matique qui sillonne les eaux cristallines de Santa Marta, en Colombie. Avec son style distingu\u00e9 et sa pr\u00e9sence imposante, LA HIRAM est un symbole d&rsquo;aventure et de sophistication au c\u0153ur des Cara\u00efbes colombiennes.[\/vc_hoverbox][\/vc_column_inner][vc_column_inner width=\u00a0\u00bb1\/2&Prime;][vc_custom_heading text=\u00a0\u00bbJANAINA\u00a0\u00bb font_container=\u00a0\u00bbtag:h2|text_align:left|color:%23000000&Prime; use_theme_fonts=\u00a0\u00bbyes\u00a0\u00bb css=\u00a0\u00bb\u00a0\u00bb][vc_separator color=\u00a0\u00bbcustom\u00a0\u00bb align=\u00a0\u00bbalign_left\u00a0\u00bb border_width=\u00a0\u00bb5&Prime; el_width=\u00a0\u00bb20&Prime; css=\u00a0\u00bb\u00a0\u00bb accent_color=\u00a0\u00bb#002e60&Prime;][vc_hoverbox image=\u00a0\u00bb2171&Prime; primary_title=\u00a0\u00bb\u00a0\u00bb hover_title=\u00a0\u00bbJANAINA\u00a0\u00bb]D\u00e9couvrez l&rsquo;exp\u00e9rience passionnante de la navigation \u00e0 bord de JANAINA, un bateau de mer exceptionnel qui sillonne les eaux cristallines de Santa Marta, en Colombie. Avec son design \u00e9l\u00e9gant et sa pr\u00e9sence imposante, JANAINA se positionne comme une ic\u00f4ne de l&rsquo;aventure et du confort dans les luxuriantes Cara\u00efbes colombiennes.[\/vc_hoverbox][\/vc_column_inner][\/vc_row_inner][vc_empty_space height=\u00a0\u00bb100&Prime;][\/vc_column][\/vc_row]<\/p>\n<\/div>","protected":false},"excerpt":{"rendered":"<p>[vc_row full_width=\u00a0\u00bbstretch_row\u00a0\u00bb css=\u00a0\u00bb.vc_custom_1714353119067{margin-top: -40px !important;margin-bottom: -40px !important;background-image: url(https:\/\/chezboaztours.com\/wp-content\/uploads\/2024\/04\/DISENO-BANNER.jpg?id=1391) !important;background-position: 0 0 !important;background-repeat: repeat !important;}\u00a0\u00bb][vc_column][vc_row_inner][vc_column_inner][vc_empty_space][vc_custom_heading text=\u00a0\u00bb4 NAVIRES DE MER PUISSANTS\u00a0\u00bb font_container=\u00a0\u00bbtag:h2|text_align:center|color:%23000000&Prime; use_theme_fonts=\u00a0\u00bbyes\u00a0\u00bb css=\u00a0\u00bb\u00a0\u00bb][vc_separator color=\u00a0\u00bbcustom\u00a0\u00bb border_width=\u00a0\u00bb5&Prime; el_width=\u00a0\u00bb20&Prime; css=\u00a0\u00bb\u00a0\u00bb accent_color=\u00a0\u00bb#ca5b18&Prime;][vc_column_text css=\u00a0\u00bb\u00a0\u00bb] Chez Boaz Tours est un fleuron d&rsquo;excellence dans le monde des agences maritimes \u00e0 Santa Marta. Forte d&rsquo;une r\u00e9putation bien m\u00e9rit\u00e9e pour son engagement en mati\u00e8re de<\/p>\n<div class=\"padding-top text-center\"><a href=\"https:\/\/chezboaztours.com\/fr\/nos-bateaux\/\" class=\"atbtn atbtn--medium atbtn--rounded atbtn--transparent\">Leer el Blog<i class=\"atbtn__icon atbtn__icon--right fa fa-long-arrow-right\"><\/i><\/a><\/div>\n","protected":false},"author":2,"featured_media":0,"parent":0,"menu_order":0,"comment_status":"open","ping_status":"closed","template":"","meta":{"_joinchat":[],"footnotes":""},"class_list":["post-2704","page","type-page","status-publish","hentry"],"_links":{"self":[{"href":"https:\/\/chezboaztours.com\/fr\/wp-json\/wp\/v2\/pages\/2704","targetHints":{"allow":["GET"]}}],"collection":[{"href":"https:\/\/chezboaztours.com\/fr\/wp-json\/wp\/v2\/pages"}],"about":[{"href":"https:\/\/chezboaztours.com\/fr\/wp-json\/wp\/v2\/types\/page"}],"author":[{"embeddable":true,"href":"https:\/\/chezboaztours.com\/fr\/wp-json\/wp\/v2\/users\/2"}],"replies":[{"embeddable":true,"href":"https:\/\/chezboaztours.com\/fr\/wp-json\/wp\/v2\/comments?post=2704"}],"version-history":[{"count":4,"href":"https:\/\/chezboaztours.com\/fr\/wp-json\/wp\/v2\/pages\/2704\/revisions"}],"predecessor-version":[{"id":2842,"href":"https:\/\/chezboaztours.com\/fr\/wp-json\/wp\/v2\/pages\/2704\/revisions\/2842"}],"wp:attachment":[{"href":"https:\/\/chezboaztours.com\/fr\/wp-json\/wp\/v2\/media?parent=2704"}],"curies":[{"name":"wp","href":"https:\/\/api.w.org\/{rel}","templated":true}]}}