{"id":2602,"date":"2024-04-13T16:34:19","date_gmt":"2024-04-13T21:34:19","guid":{"rendered":"https:\/\/chezboaztours.com\/qui-sommes-nous\/"},"modified":"2024-06-07T13:14:33","modified_gmt":"2024-06-07T18:14:33","slug":"qui-sommes-nous","status":"publish","type":"page","link":"https:\/\/chezboaztours.com\/fr\/qui-sommes-nous\/","title":{"rendered":"Qui sommes-nous ?"},"content":{"rendered":"<div class=\"wpb-content-wrapper\"><p>[vc_row full_width=\u00a0\u00bbstretch_row\u00a0\u00bb css=\u00a0\u00bb.vc_custom_1714352652440{margin-top: -40px !important;margin-bottom: -40px !important;background-image: url(https:\/\/chezboaztours.com\/wp-content\/uploads\/2024\/04\/DISENO-BANNER.jpg?id=1391) !important;background-position: 0 0 !important;background-repeat: repeat !important;}\u00a0\u00bb][vc_column][vc_row_inner][vc_column_inner][vc_empty_space][vc_custom_heading text=\u00a0\u00bbHISTOIRE DE CHEZ BOAZ TOURS\u00a0\u00bb font_container=\u00a0\u00bbtag:h2|text_align:center|color:%23000000&Prime; use_theme_fonts=\u00a0\u00bbyes\u00a0\u00bb css=\u00a0\u00bb\u00a0\u00bb][vc_separator color=\u00a0\u00bbcustom\u00a0\u00bb border_width=\u00a0\u00bb5&Prime; el_width=\u00a0\u00bb20&Prime; css=\u00a0\u00bb\u00a0\u00bb accent_color=\u00a0\u00bb#ca5b18&Prime;][\/vc_column_inner][\/vc_row_inner][vc_empty_space][vc_row_inner][vc_column_inner width=\u00a0\u00bb1\/2&Prime;][vc_single_image image=\u00a0\u00bb2145&Prime; img_size=\u00a0\u00bb300X300&Prime; alignment=\u00a0\u00bbcenter\u00a0\u00bb css=\u00a0\u00bb\u00a0\u00bb][\/vc_column_inner][vc_column_inner width=\u00a0\u00bb1\/2&Prime;][vc_column_text css=\u00a0\u00bb\u00a0\u00bb]<\/p>\n<blockquote>\n<p style=\"text-align: justify;\"><span style=\"font-size: 12pt; color: #000000;\">fond\u00e9e en 2016 dans le but d&rsquo;offrir des services personnalis\u00e9s de transport maritime de passagers de Taganga au PARC NATIONAL NATUREL DE TAYRONA, avec une haute qualit\u00e9 de travail humain, toujours \u00e0 la recherche de la satisfaction du client dans tous les domaines, \u00e0 la fois r\u00e9cr\u00e9atifs et instructifs.<\/span><br \/>\n<span style=\"font-size: 12pt; color: #000000;\">CHEZ BOAZ TOURS plus qu&rsquo;une entreprise offre un service, c&rsquo;est un g\u00e9n\u00e9rateur de changement dans la soci\u00e9t\u00e9, des jeunes de Taganga, pour une formation en petites embarcations.<\/span><\/p>\n<p style=\"text-align: justify;\"><span style=\"font-size: 12pt; color: #000000;\">CHEZ BOAZ TOURS a pour priorit\u00e9 de satisfaire efficacement tous les besoins de ses clients dans le domaine du transport maritime, conform\u00e9ment aux normes de qualit\u00e9 nationales et au cadre juridique.<\/span><\/p>\n<\/blockquote>\n<p>[\/vc_column_text][\/vc_column_inner][\/vc_row_inner][vc_row_inner][vc_column_inner width=\u00a0\u00bb1\/2&Prime;][vc_custom_heading text=\u00a0\u00bbMISSION\u00a0\u00bb font_container=\u00a0\u00bbtag:h2|text_align:center|color:%23000000&Prime; use_theme_fonts=\u00a0\u00bbyes\u00a0\u00bb css=\u00a0\u00bb\u00a0\u00bb][vc_separator color=\u00a0\u00bbcustom\u00a0\u00bb border_width=\u00a0\u00bb5&Prime; el_width=\u00a0\u00bb20&Prime; css=\u00a0\u00bb\u00a0\u00bb accent_color=\u00a0\u00bb#002e60&Prime;][vc_column_text css=\u00a0\u00bb\u00a0\u00bb]<\/p>\n<p style=\"text-align: justify;\"><span style=\"color: #000000;\">Nous sommes des sp\u00e9cialistes du transport maritime qui, de mani\u00e8re innovante, forts de notre courte mais fructueuse exp\u00e9rience, de nos valeurs solides, de notre professionnalisme et de notre infrastructure, garantissent un service conforme aux exigences de nos clients.<\/span><\/p>\n<p>[\/vc_column_text][\/vc_column_inner][vc_column_inner width=\u00a0\u00bb1\/2&Prime;][vc_custom_heading text=\u00a0\u00bbVISION\u00a0\u00bb font_container=\u00a0\u00bbtag:h2|text_align:center|color:%23000000&Prime; use_theme_fonts=\u00a0\u00bbyes\u00a0\u00bb css=\u00a0\u00bb\u00a0\u00bb][vc_separator color=\u00a0\u00bbcustom\u00a0\u00bb border_width=\u00a0\u00bb5&Prime; el_width=\u00a0\u00bb20&Prime; css=\u00a0\u00bb\u00a0\u00bb accent_color=\u00a0\u00bb#002e60&Prime;][vc_column_text css=\u00a0\u00bb\u00a0\u00bb]<\/p>\n<p style=\"text-align: justify;\"><span style=\"color: #000000;\">Nous nous voyons comme la meilleure compagnie maritime de Santa Marta, en maintenant notre position parmi les leaders du transport maritime, en cherchant une croissance soutenue dans toutes les unit\u00e9s inh\u00e9rentes \u00e0 notre activit\u00e9, en cr\u00e9ant de nouveaux produits innovants et uniques dans un march\u00e9 comp\u00e9titif.<\/span><\/p>\n<p>[\/vc_column_text][\/vc_column_inner][\/vc_row_inner][vc_empty_space][vc_row_inner][vc_column_inner][vc_custom_heading text=\u00a0\u00bbPOLITIQUE DE QUALIT\u00c9\u00a0\u00bb font_container=\u00a0\u00bbtag:h2|text_align:center|color:%23000000&Prime; use_theme_fonts=\u00a0\u00bbyes\u00a0\u00bb css=\u00a0\u00bb\u00a0\u00bb][vc_separator color=\u00a0\u00bbcustom\u00a0\u00bb border_width=\u00a0\u00bb5&Prime; el_width=\u00a0\u00bb20&Prime; css=\u00a0\u00bb\u00a0\u00bb accent_color=\u00a0\u00bb#002e60&Prime;][vc_column_text css=\u00a0\u00bb\u00a0\u00bb]<\/p>\n<p style=\"text-align: justify;\"><span style=\"color: #000000;\">CHEZ BOAZ TOURS s&rsquo;efforce de r\u00e9pondre efficacement aux besoins de ses clients dans le domaine maritime, en respectant ses normes de qualit\u00e9.<\/span><\/p>\n<p style=\"text-align: justify;\"><span style=\"color: #000000;\">Pour ce faire, nous nous appuyons sur un personnel motiv\u00e9 et form\u00e9, visant l&rsquo;am\u00e9lioration permanente de nos services et, gr\u00e2ce \u00e0 nos relations \u00e9troites avec nos fournisseurs, nous nous assurons que les services que nous offrons sont conformes aux sp\u00e9cifications qui nous permettent de fournir un service qualifi\u00e9, garantissant ainsi le leadership, la comp\u00e9titivit\u00e9 et le positionnement sur le march\u00e9.<\/span><\/p>\n<p>[\/vc_column_text][vc_empty_space][\/vc_column_inner][\/vc_row_inner][\/vc_column][\/vc_row]<\/p>\n<\/div>","protected":false},"excerpt":{"rendered":"<p>[vc_row full_width=\u00a0\u00bbstretch_row\u00a0\u00bb css=\u00a0\u00bb.vc_custom_1714352652440{margin-top: -40px !important;margin-bottom: -40px !important;background-image: url(https:\/\/chezboaztours.com\/wp-content\/uploads\/2024\/04\/DISENO-BANNER.jpg?id=1391) !important;background-position: 0 0 !important;background-repeat: repeat !important;}\u00a0\u00bb][vc_column][vc_row_inner][vc_column_inner][vc_empty_space][vc_custom_heading text=\u00a0\u00bbHISTOIRE DE CHEZ BOAZ TOURS\u00a0\u00bb font_container=\u00a0\u00bbtag:h2|text_align:center|color:%23000000&Prime; use_theme_fonts=\u00a0\u00bbyes\u00a0\u00bb css=\u00a0\u00bb\u00a0\u00bb][vc_separator color=\u00a0\u00bbcustom\u00a0\u00bb border_width=\u00a0\u00bb5&Prime; el_width=\u00a0\u00bb20&Prime; css=\u00a0\u00bb\u00a0\u00bb accent_color=\u00a0\u00bb#ca5b18&Prime;][\/vc_column_inner][\/vc_row_inner][vc_empty_space][vc_row_inner][vc_column_inner width=\u00a0\u00bb1\/2&Prime;][vc_single_image image=\u00a0\u00bb2145&Prime; img_size=\u00a0\u00bb300X300&Prime; alignment=\u00a0\u00bbcenter\u00a0\u00bb css=\u00a0\u00bb\u00a0\u00bb][\/vc_column_inner][vc_column_inner width=\u00a0\u00bb1\/2&Prime;][vc_column_text css=\u00a0\u00bb\u00a0\u00bb] fond\u00e9e en 2016 dans le but d&rsquo;offrir des services personnalis\u00e9s de transport maritime de passagers de Taganga au PARC NATIONAL NATUREL<\/p>\n<div class=\"padding-top text-center\"><a href=\"https:\/\/chezboaztours.com\/fr\/qui-sommes-nous\/\" class=\"atbtn atbtn--medium atbtn--rounded atbtn--transparent\">Leer el Blog<i class=\"atbtn__icon atbtn__icon--right fa fa-long-arrow-right\"><\/i><\/a><\/div>\n","protected":false},"author":2,"featured_media":0,"parent":0,"menu_order":0,"comment_status":"open","ping_status":"closed","template":"","meta":{"_joinchat":[],"footnotes":""},"class_list":["post-2602","page","type-page","status-publish","hentry"],"_links":{"self":[{"href":"https:\/\/chezboaztours.com\/fr\/wp-json\/wp\/v2\/pages\/2602","targetHints":{"allow":["GET"]}}],"collection":[{"href":"https:\/\/chezboaztours.com\/fr\/wp-json\/wp\/v2\/pages"}],"about":[{"href":"https:\/\/chezboaztours.com\/fr\/wp-json\/wp\/v2\/types\/page"}],"author":[{"embeddable":true,"href":"https:\/\/chezboaztours.com\/fr\/wp-json\/wp\/v2\/users\/2"}],"replies":[{"embeddable":true,"href":"https:\/\/chezboaztours.com\/fr\/wp-json\/wp\/v2\/comments?post=2602"}],"version-history":[{"count":7,"href":"https:\/\/chezboaztours.com\/fr\/wp-json\/wp\/v2\/pages\/2602\/revisions"}],"predecessor-version":[{"id":2848,"href":"https:\/\/chezboaztours.com\/fr\/wp-json\/wp\/v2\/pages\/2602\/revisions\/2848"}],"wp:attachment":[{"href":"https:\/\/chezboaztours.com\/fr\/wp-json\/wp\/v2\/media?parent=2602"}],"curies":[{"name":"wp","href":"https:\/\/api.w.org\/{rel}","templated":true}]}}